{"id":233,"date":"2023-06-26T06:51:50","date_gmt":"2023-06-26T06:51:50","guid":{"rendered":"https:\/\/quieropaginaweb.com\/isabel\/?page_id=233"},"modified":"2024-03-27T13:57:36","modified_gmt":"2024-03-27T13:57:36","slug":"tratamientos-faciales","status":"publish","type":"page","link":"https:\/\/esteticaisabelmanjon.es\/en\/tratamientos-faciales\/","title":{"rendered":"Tratamientos Faciales en Zaragoza"},"content":{"rendered":"<div data-elementor-type=\"wp-page\" data-elementor-id=\"233\" class=\"elementor elementor-233\">\n\t\t\t\t\t\t<section class=\"elementor-section elementor-top-section elementor-element elementor-element-dd4bacd elementor-section-height-min-height elementor-section-boxed elementor-section-height-default elementor-section-items-middle\" data-id=\"dd4bacd\" data-element_type=\"section\" data-e-type=\"section\" data-settings=\"{&quot;background_background&quot;:&quot;classic&quot;}\">\n\t\t\t\t\t\t<div class=\"elementor-container elementor-column-gap-no\">\n\t\t\t\t\t<div class=\"elementor-column elementor-col-100 elementor-top-column elementor-element elementor-element-9a97aa4\" data-id=\"9a97aa4\" data-element_type=\"column\" data-e-type=\"column\" data-settings=\"{&quot;background_background&quot;:&quot;classic&quot;}\">\n\t\t\t<div class=\"elementor-widget-wrap elementor-element-populated\">\n\t\t\t\t\t\t<div class=\"elementor-element elementor-element-500f27e elementor-widget elementor-widget-heading\" data-id=\"500f27e\" data-element_type=\"widget\" data-e-type=\"widget\" data-widget_type=\"heading.default\">\n\t\t\t\t<div class=\"elementor-widget-container\">\n\t\t\t\t\t<h1 class=\"elementor-heading-title elementor-size-default\">Tratamientos Faciales en Zaragoza<\/h1>\t\t\t\t<\/div>\n\t\t\t\t<\/div>\n\t\t\t\t\t<\/div>\n\t\t<\/div>\n\t\t\t\t\t<\/div>\n\t\t<\/section>\n\t\t\t\t<section class=\"elementor-section elementor-top-section elementor-element elementor-element-fe624e7 elementor-section-boxed elementor-section-height-default elementor-section-height-default\" data-id=\"fe624e7\" data-element_type=\"section\" data-e-type=\"section\">\n\t\t\t\t\t\t<div class=\"elementor-container elementor-column-gap-default\">\n\t\t\t\t\t<div class=\"elementor-column elementor-col-100 elementor-top-column elementor-element elementor-element-be9f76b\" data-id=\"be9f76b\" data-element_type=\"column\" data-e-type=\"column\" data-settings=\"{&quot;background_background&quot;:&quot;classic&quot;}\">\n\t\t\t<div class=\"elementor-widget-wrap elementor-element-populated\">\n\t\t\t\t\t\t<div class=\"elementor-element elementor-element-b729872 elementor-widget elementor-widget-heading\" data-id=\"b729872\" data-element_type=\"widget\" data-e-type=\"widget\" data-widget_type=\"heading.default\">\n\t\t\t\t<div class=\"elementor-widget-container\">\n\t\t\t\t\t<h2 class=\"elementor-heading-title elementor-size-default\">Tratamientos Faciales en Zaragoza<\/h2>\t\t\t\t<\/div>\n\t\t\t\t<\/div>\n\t\t\t\t<div class=\"elementor-element elementor-element-068fc15 elementor-widget elementor-widget-heading\" data-id=\"068fc15\" data-element_type=\"widget\" data-e-type=\"widget\" data-widget_type=\"heading.default\">\n\t\t\t\t<div class=\"elementor-widget-container\">\n\t\t\t\t\t<p class=\"elementor-heading-title elementor-size-default\">Bioterapia Energy Lifting<\/p>\t\t\t\t<\/div>\n\t\t\t\t<\/div>\n\t\t\t\t<div class=\"elementor-element elementor-element-732ae54 elementor-widget elementor-widget-text-editor\" data-id=\"732ae54\" data-element_type=\"widget\" data-e-type=\"widget\" data-widget_type=\"text-editor.default\">\n\t\t\t\t<div class=\"elementor-widget-container\">\n\t\t\t\t\t\t\t\t\t<p>Terapia en la que puedes descubrir un masaje manual a nivel muscular.<\/p><p>Destaca por su extra de reafirmaci\u00f3n facial y eliminaci\u00f3n de arrugas.<\/p>\t\t\t\t\t\t\t\t<\/div>\n\t\t\t\t<\/div>\n\t\t\t\t<div class=\"elementor-element elementor-element-ea1d6f8 elementor-widget elementor-widget-heading\" data-id=\"ea1d6f8\" data-element_type=\"widget\" data-e-type=\"widget\" data-widget_type=\"heading.default\">\n\t\t\t\t<div class=\"elementor-widget-container\">\n\t\t\t\t\t<p class=\"elementor-heading-title elementor-size-default\">Bioterapia Integrativa<\/p>\t\t\t\t<\/div>\n\t\t\t\t<\/div>\n\t\t\t\t<div class=\"elementor-element elementor-element-2b420e0 elementor-widget elementor-widget-text-editor\" data-id=\"2b420e0\" data-element_type=\"widget\" data-e-type=\"widget\" data-widget_type=\"text-editor.default\">\n\t\t\t\t<div class=\"elementor-widget-container\">\n\t\t\t\t\t\t\t\t\t<p>Para alcanzar los m\u00e1ximos resultados act\u00faa en el origen emocional de las alteraciones de la piel<\/p>\t\t\t\t\t\t\t\t<\/div>\n\t\t\t\t<\/div>\n\t\t\t\t<div class=\"elementor-element elementor-element-c45a85f elementor-widget elementor-widget-heading\" data-id=\"c45a85f\" data-element_type=\"widget\" data-e-type=\"widget\" data-widget_type=\"heading.default\">\n\t\t\t\t<div class=\"elementor-widget-container\">\n\t\t\t\t\t<p class=\"elementor-heading-title elementor-size-default\">Bioterapia Activa<\/p>\t\t\t\t<\/div>\n\t\t\t\t<\/div>\n\t\t\t\t<div class=\"elementor-element elementor-element-4e2f6c5 elementor-widget elementor-widget-text-editor\" data-id=\"4e2f6c5\" data-element_type=\"widget\" data-e-type=\"widget\" data-widget_type=\"text-editor.default\">\n\t\t\t\t<div class=\"elementor-widget-container\">\n\t\t\t\t\t\t\t\t\t<p>Terapia que aporta luz, hidrataci\u00f3n y efecto antiaging<\/p>\t\t\t\t\t\t\t\t<\/div>\n\t\t\t\t<\/div>\n\t\t\t\t<div class=\"elementor-element elementor-element-10fb002 elementor-widget elementor-widget-heading\" data-id=\"10fb002\" data-element_type=\"widget\" data-e-type=\"widget\" data-widget_type=\"heading.default\">\n\t\t\t\t<div class=\"elementor-widget-container\">\n\t\t\t\t\t<p class=\"elementor-heading-title elementor-size-default\">Bioterapia Iluminante<\/p>\t\t\t\t<\/div>\n\t\t\t\t<\/div>\n\t\t\t\t<div class=\"elementor-element elementor-element-3654a6e elementor-widget elementor-widget-text-editor\" data-id=\"3654a6e\" data-element_type=\"widget\" data-e-type=\"widget\" data-widget_type=\"text-editor.default\">\n\t\t\t\t<div class=\"elementor-widget-container\">\n\t\t\t\t\t\t\t\t\t<p>Terapia que act\u00faa en la sobrepigmentaci\u00f3n de la piel aportando luminosidad y atenuando las manchas<\/p>\t\t\t\t\t\t\t\t<\/div>\n\t\t\t\t<\/div>\n\t\t\t\t<div class=\"elementor-element elementor-element-2712b5b elementor-widget elementor-widget-heading\" data-id=\"2712b5b\" data-element_type=\"widget\" data-e-type=\"widget\" data-widget_type=\"heading.default\">\n\t\t\t\t<div class=\"elementor-widget-container\">\n\t\t\t\t\t<p class=\"elementor-heading-title elementor-size-default\">Bioterapia Detox<\/p>\t\t\t\t<\/div>\n\t\t\t\t<\/div>\n\t\t\t\t<div class=\"elementor-element elementor-element-b1c2bf6 elementor-widget elementor-widget-text-editor\" data-id=\"b1c2bf6\" data-element_type=\"widget\" data-e-type=\"widget\" data-widget_type=\"text-editor.default\">\n\t\t\t\t<div class=\"elementor-widget-container\">\n\t\t\t\t\t\t\t\t\t<p>Terapia que purifica y equilibra el exceso de grasa. Indicada para pieles con acn\u00e9.<\/p>\t\t\t\t\t\t\t\t<\/div>\n\t\t\t\t<\/div>\n\t\t\t\t<div class=\"elementor-element elementor-element-efaa357 elementor-widget elementor-widget-heading\" data-id=\"efaa357\" data-element_type=\"widget\" data-e-type=\"widget\" data-widget_type=\"heading.default\">\n\t\t\t\t<div class=\"elementor-widget-container\">\n\t\t\t\t\t<p class=\"elementor-heading-title elementor-size-default\">Bioterapia Sensitiva<\/p>\t\t\t\t<\/div>\n\t\t\t\t<\/div>\n\t\t\t\t<div class=\"elementor-element elementor-element-7cb219a elementor-widget elementor-widget-text-editor\" data-id=\"7cb219a\" data-element_type=\"widget\" data-e-type=\"widget\" data-widget_type=\"text-editor.default\">\n\t\t\t\t<div class=\"elementor-widget-container\">\n\t\t\t\t\t\t\t\t\t<p>Terapia calmante para pieles alteradas y reactivas. Hidrata actuando sobre los biomarcadores celulares responsables de la irritaci\u00f3n, devolviendo a la piel su capa protectora, tono y temperatura original. Indicado a pieles reactiva at\u00f3picas, dermatitis, psoriasis. gracias a las propiedades del calaguala, l\u00fapulo y aloe vera.<\/p>\t\t\t\t\t\t\t\t<\/div>\n\t\t\t\t<\/div>\n\t\t\t\t<div class=\"elementor-element elementor-element-6123ff3 elementor-widget elementor-widget-heading\" data-id=\"6123ff3\" data-element_type=\"widget\" data-e-type=\"widget\" data-widget_type=\"heading.default\">\n\t\t\t\t<div class=\"elementor-widget-container\">\n\t\t\t\t\t<p class=\"elementor-heading-title elementor-size-default\">Bioterapia Antiaging<\/p>\t\t\t\t<\/div>\n\t\t\t\t<\/div>\n\t\t\t\t<div class=\"elementor-element elementor-element-49652d6 elementor-widget elementor-widget-text-editor\" data-id=\"49652d6\" data-element_type=\"widget\" data-e-type=\"widget\" data-widget_type=\"text-editor.default\">\n\t\t\t\t<div class=\"elementor-widget-container\">\n\t\t\t\t\t\t\t\t\t<p>Terapia que reestructura, atenuando l\u00edneas de expresi\u00f3n, tratando el envejecimiento celular.<\/p>\t\t\t\t\t\t\t\t<\/div>\n\t\t\t\t<\/div>\n\t\t\t\t<div class=\"elementor-element elementor-element-43f588d elementor-widget elementor-widget-heading\" data-id=\"43f588d\" data-element_type=\"widget\" data-e-type=\"widget\" data-widget_type=\"heading.default\">\n\t\t\t\t<div class=\"elementor-widget-container\">\n\t\t\t\t\t<p class=\"elementor-heading-title elementor-size-default\">Bioterapia Sist\u00e9mica<\/p>\t\t\t\t<\/div>\n\t\t\t\t<\/div>\n\t\t\t\t<div class=\"elementor-element elementor-element-7333ea1 elementor-widget elementor-widget-text-editor\" data-id=\"7333ea1\" data-element_type=\"widget\" data-e-type=\"widget\" data-widget_type=\"text-editor.default\">\n\t\t\t\t<div class=\"elementor-widget-container\">\n\t\t\t\t\t\t\t\t\t<p>Terapia combinada con t\u00e9cnica de ventosas para activar la circulaci\u00f3n y oxigenaci\u00f3n de la piel, produciendo un resultado inmediato con efecto lifting y drenante.<\/p>\t\t\t\t\t\t\t\t<\/div>\n\t\t\t\t<\/div>\n\t\t\t\t<div class=\"elementor-element elementor-element-9aa1f33 elementor-widget elementor-widget-heading\" data-id=\"9aa1f33\" data-element_type=\"widget\" data-e-type=\"widget\" data-widget_type=\"heading.default\">\n\t\t\t\t<div class=\"elementor-widget-container\">\n\t\t\t\t\t<p class=\"elementor-heading-title elementor-size-default\">Radiofrecuencia<\/p>\t\t\t\t<\/div>\n\t\t\t\t<\/div>\n\t\t\t\t<div class=\"elementor-element elementor-element-ee071e5 elementor-widget elementor-widget-text-editor\" data-id=\"ee071e5\" data-element_type=\"widget\" data-e-type=\"widget\" data-widget_type=\"text-editor.default\">\n\t\t\t\t<div class=\"elementor-widget-container\">\n\t\t\t\t\t\t\t\t\t<p>El m\u00e1s eficaz para tensar la piel del rostro produce col\u00e1geno de forma natural, d\u00e1ndole luminosidad a tu piel y haciendo un lifting natural tratamiento no invasivo resultados visibles desde la primera sesi\u00f3n<\/p>\t\t\t\t\t\t\t\t<\/div>\n\t\t\t\t<\/div>\n\t\t\t\t<div class=\"elementor-element elementor-element-ff149b8 elementor-widget elementor-widget-heading\" data-id=\"ff149b8\" data-element_type=\"widget\" data-e-type=\"widget\" data-widget_type=\"heading.default\">\n\t\t\t\t<div class=\"elementor-widget-container\">\n\t\t\t\t\t<p class=\"elementor-heading-title elementor-size-default\">Bioterapia de Busto<\/p>\t\t\t\t<\/div>\n\t\t\t\t<\/div>\n\t\t\t\t<div class=\"elementor-element elementor-element-b1c7c7e elementor-widget elementor-widget-text-editor\" data-id=\"b1c7c7e\" data-element_type=\"widget\" data-e-type=\"widget\" data-widget_type=\"text-editor.default\">\n\t\t\t\t<div class=\"elementor-widget-container\">\n\t\t\t\t\t\t\t\t\t<p>Terapia que alisa, embellece aportando volumen en rostro y escote, reafirmando y dando volumen al pecho.<\/p>\t\t\t\t\t\t\t\t<\/div>\n\t\t\t\t<\/div>\n\t\t\t\t<div class=\"elementor-element elementor-element-b80a6a7 elementor-widget elementor-widget-heading\" data-id=\"b80a6a7\" data-element_type=\"widget\" data-e-type=\"widget\" data-widget_type=\"heading.default\">\n\t\t\t\t<div class=\"elementor-widget-container\">\n\t\t\t\t\t<p class=\"elementor-heading-title elementor-size-default\">LPG Facial<\/p>\t\t\t\t<\/div>\n\t\t\t\t<\/div>\n\t\t\t\t<div class=\"elementor-element elementor-element-30647e5 elementor-widget elementor-widget-text-editor\" data-id=\"30647e5\" data-element_type=\"widget\" data-e-type=\"widget\" data-widget_type=\"text-editor.default\">\n\t\t\t\t<div class=\"elementor-widget-container\">\n\t\t\t\t\t\t\t\t\t<p>Endermologie\u00ae, la \u00fanica t\u00e9cnica 100 % natural, no invasiva y no agresiva de estimulaci\u00f3n mec\u00e1nica de la piel que permite reactivar el mecanismo de las c\u00e9lulas. El fibroblasto, aut\u00e9ntico arquitecto de la piel, crea las sustancias fundamentales de la dermis que<br \/>garantizan su densidad, su flexibilidad y su luminosidad: col\u00e1geno para el mantenimiento y la firmeza, elastina para la flexibilidad, y \u00e1cido hialur\u00f3nido para el volumen y la hidrataci\u00f3n. Sin embargo, a partir de los 25 a\u00f1os y aunque se mantenga una higiene de vida perfecta, se ralentiza la producci\u00f3n de estas sustancias de juventud.<\/p>\t\t\t\t\t\t\t\t<\/div>\n\t\t\t\t<\/div>\n\t\t\t\t<div class=\"elementor-element elementor-element-2fc92c4 elementor-absolute elementor-hidden-tablet elementor-hidden-mobile elementor-widget elementor-widget-image\" data-id=\"2fc92c4\" data-element_type=\"widget\" data-e-type=\"widget\" data-settings=\"{&quot;_position&quot;:&quot;absolute&quot;}\" data-widget_type=\"image.default\">\n\t\t\t\t<div class=\"elementor-widget-container\">\n\t\t\t\t\t\t\t\t\t\t\t\t\t\t\t<img fetchpriority=\"high\" decoding=\"async\" width=\"800\" height=\"534\" src=\"https:\/\/esteticaisabelmanjon.es\/wp-content\/uploads\/2023\/06\/tratamiento-facial-1024x683.jpg\" class=\"attachment-large size-large wp-image-205\" alt=\"tratamiento facial\" srcset=\"https:\/\/esteticaisabelmanjon.es\/wp-content\/uploads\/2023\/06\/tratamiento-facial-1024x683.jpg 1024w, https:\/\/esteticaisabelmanjon.es\/wp-content\/uploads\/2023\/06\/tratamiento-facial-300x200.jpg 300w, https:\/\/esteticaisabelmanjon.es\/wp-content\/uploads\/2023\/06\/tratamiento-facial-768x512.jpg 768w, https:\/\/esteticaisabelmanjon.es\/wp-content\/uploads\/2023\/06\/tratamiento-facial.jpg 1200w\" sizes=\"(max-width: 800px) 100vw, 800px\" \/>\t\t\t\t\t\t\t\t\t\t\t\t\t\t\t<\/div>\n\t\t\t\t<\/div>\n\t\t\t\t\t<\/div>\n\t\t<\/div>\n\t\t\t\t\t<\/div>\n\t\t<\/section>\n\t\t\t\t<section class=\"elementor-section elementor-top-section elementor-element elementor-element-c3810ce elementor-hidden-tablet elementor-hidden-mobile elementor-section-boxed elementor-section-height-default elementor-section-height-default\" data-id=\"c3810ce\" data-element_type=\"section\" data-e-type=\"section\">\n\t\t\t\t\t\t<div class=\"elementor-container elementor-column-gap-default\">\n\t\t\t\t\t<div class=\"elementor-column elementor-col-50 elementor-top-column elementor-element elementor-element-9d34f45\" data-id=\"9d34f45\" data-element_type=\"column\" data-e-type=\"column\">\n\t\t\t<div class=\"elementor-widget-wrap elementor-element-populated\">\n\t\t\t\t\t\t<div class=\"elementor-element elementor-element-5c12c43 elementor-absolute elementor-widget elementor-widget-image\" data-id=\"5c12c43\" data-element_type=\"widget\" data-e-type=\"widget\" data-settings=\"{&quot;_position&quot;:&quot;absolute&quot;}\" data-widget_type=\"image.default\">\n\t\t\t\t<div class=\"elementor-widget-container\">\n\t\t\t\t\t\t\t\t\t\t\t\t\t\t\t<img decoding=\"async\" width=\"800\" height=\"800\" src=\"https:\/\/esteticaisabelmanjon.es\/wp-content\/uploads\/2023\/06\/3-1024x1024.png\" class=\"attachment-large size-large wp-image-334\" alt=\"icono hoja\" srcset=\"https:\/\/esteticaisabelmanjon.es\/wp-content\/uploads\/2023\/06\/3-1024x1024.png 1024w, https:\/\/esteticaisabelmanjon.es\/wp-content\/uploads\/2023\/06\/3-300x300.png 300w, https:\/\/esteticaisabelmanjon.es\/wp-content\/uploads\/2023\/06\/3-150x150.png 150w, https:\/\/esteticaisabelmanjon.es\/wp-content\/uploads\/2023\/06\/3-768x768.png 768w, https:\/\/esteticaisabelmanjon.es\/wp-content\/uploads\/2023\/06\/3-1536x1536.png 1536w, https:\/\/esteticaisabelmanjon.es\/wp-content\/uploads\/2023\/06\/3-2048x2048.png 2048w\" sizes=\"(max-width: 800px) 100vw, 800px\" \/>\t\t\t\t\t\t\t\t\t\t\t\t\t\t\t<\/div>\n\t\t\t\t<\/div>\n\t\t\t\t\t<\/div>\n\t\t<\/div>\n\t\t\t\t<div class=\"elementor-column elementor-col-50 elementor-top-column elementor-element elementor-element-8ad36c8\" data-id=\"8ad36c8\" data-element_type=\"column\" data-e-type=\"column\">\n\t\t\t<div class=\"elementor-widget-wrap elementor-element-populated\">\n\t\t\t\t\t\t<div class=\"elementor-element elementor-element-0bee1b8 elementor-absolute elementor-widget elementor-widget-image\" data-id=\"0bee1b8\" data-element_type=\"widget\" data-e-type=\"widget\" data-settings=\"{&quot;_position&quot;:&quot;absolute&quot;}\" data-widget_type=\"image.default\">\n\t\t\t\t<div class=\"elementor-widget-container\">\n\t\t\t\t\t\t\t\t\t\t\t\t\t\t\t<img decoding=\"async\" width=\"800\" height=\"800\" src=\"https:\/\/esteticaisabelmanjon.es\/wp-content\/uploads\/2023\/06\/5-1024x1024.png\" class=\"attachment-large size-large wp-image-333\" alt=\"icono hoja\" srcset=\"https:\/\/esteticaisabelmanjon.es\/wp-content\/uploads\/2023\/06\/5-1024x1024.png 1024w, https:\/\/esteticaisabelmanjon.es\/wp-content\/uploads\/2023\/06\/5-300x300.png 300w, https:\/\/esteticaisabelmanjon.es\/wp-content\/uploads\/2023\/06\/5-150x150.png 150w, https:\/\/esteticaisabelmanjon.es\/wp-content\/uploads\/2023\/06\/5-768x768.png 768w, https:\/\/esteticaisabelmanjon.es\/wp-content\/uploads\/2023\/06\/5-1536x1536.png 1536w, https:\/\/esteticaisabelmanjon.es\/wp-content\/uploads\/2023\/06\/5-2048x2048.png 2048w\" sizes=\"(max-width: 800px) 100vw, 800px\" \/>\t\t\t\t\t\t\t\t\t\t\t\t\t\t\t<\/div>\n\t\t\t\t<\/div>\n\t\t\t\t\t<\/div>\n\t\t<\/div>\n\t\t\t\t\t<\/div>\n\t\t<\/section>\n\t\t\t\t<section class=\"elementor-section elementor-top-section elementor-element elementor-element-975a576 elementor-section-boxed elementor-section-height-default elementor-section-height-default\" data-id=\"975a576\" data-element_type=\"section\" data-e-type=\"section\">\n\t\t\t\t\t\t<div class=\"elementor-container elementor-column-gap-default\">\n\t\t\t\t\t<div class=\"elementor-column elementor-col-100 elementor-top-column elementor-element elementor-element-477a02e\" data-id=\"477a02e\" data-element_type=\"column\" data-e-type=\"column\">\n\t\t\t<div class=\"elementor-widget-wrap elementor-element-populated\">\n\t\t\t\t\t\t<div class=\"elementor-element elementor-element-a0026ff elementor-widget elementor-widget-text-editor\" data-id=\"a0026ff\" data-element_type=\"widget\" data-e-type=\"widget\" data-widget_type=\"text-editor.default\">\n\t\t\t\t<div class=\"elementor-widget-container\">\n\t\t\t\t\t\t\t\t\t<h3><strong>\u00bfQue beneficios obtengo de un tratamiento facial?<\/strong><\/h3><p>Los <strong>tratamientos faciales en Zaragoza<\/strong> son la clave para potenciar la belleza y cuidado de nuestra piel.<\/p><p>En un mundo donde la apariencia juega un papel fundamental, es vital dedicar tiempo y recursos a mantener nuestro rostro radiante y saludable.<\/p><p>En este sentido, los <strong>tratamientos faciales<\/strong> se han convertido en la herramienta imprescindible para combatir los signos del envejecimiento, las imperfecciones y el estr\u00e9s diario.<\/p><p>En Zaragoza, encontramos una amplia variedad de opciones que van desde limpiezas faciales profundas hasta tratamientos de rejuvenecimiento facial utilizando las tecnolog\u00edas m\u00e1s innovadoras.<\/p><p>Estos tratamientos se realizan en centros especializados que cuentan con profesionales altamente cualificados y comprometidos con el cuidado de la piel.<\/p><p>Adem\u00e1s, la ciudad de Zaragoza nos ofrece un entorno tranquilo y acogedor para disfrutar de estos tratamientos, lo que nos permite desconectar del ritmo fren\u00e9tico de la vida diaria y dedicar un tiempo exclusivo para nosotros mismos.<\/p><p>No debemos olvidar que nuestra piel es el reflejo de nuestra salud y bienestar, por lo que invertir en tratamientos faciales es una forma de cuidarnos y mimarnos a nosotros mismos.<\/p><p>En definitiva, los <strong>tratamientos faciales en Zaragoza<\/strong> nos brindan la oportunidad de lucir una piel radiante y saludable, mejorando nuestra autoestima y confianza en nosotros mismos.<\/p><p>No hay nada m\u00e1s impactante que una mirada luminosa y una piel impecable, y en Zaragoza, podemos encontrar los mejores tratamientos faciales para lograrlo.<\/p>\t\t\t\t\t\t\t\t<\/div>\n\t\t\t\t<\/div>\n\t\t\t\t\t<\/div>\n\t\t<\/div>\n\t\t\t\t\t<\/div>\n\t\t<\/section>\n\t\t\t\t<section class=\"elementor-section elementor-top-section elementor-element elementor-element-943b2e8 elementor-section-boxed elementor-section-height-default elementor-section-height-default\" data-id=\"943b2e8\" data-element_type=\"section\" data-e-type=\"section\">\n\t\t\t\t\t\t<div class=\"elementor-container elementor-column-gap-default\">\n\t\t\t\t\t<div class=\"elementor-column elementor-col-100 elementor-top-column elementor-element elementor-element-f13ae49\" data-id=\"f13ae49\" data-element_type=\"column\" data-e-type=\"column\">\n\t\t\t<div class=\"elementor-widget-wrap elementor-element-populated\">\n\t\t\t\t\t\t<div class=\"elementor-element elementor-element-8590893 elementor-widget elementor-widget-text-editor\" data-id=\"8590893\" data-element_type=\"widget\" data-e-type=\"widget\" data-widget_type=\"text-editor.default\">\n\t\t\t\t<div class=\"elementor-widget-container\">\n\t\t\t\t\t\t\t\t\t<p>Te ofrecemos otros servicios como: <br \/><a title=\"tratamientos corporales en Zaragoza\" href=\"https:\/\/esteticaisabelmanjon.es\/en\/tratamientos-corporales\/\">tratamientos corporales en Zaragoza<\/a> &#8211; <a title=\"tratamientos faciales en Zaragoza\" href=\"https:\/\/esteticaisabelmanjon.es\/en\/tratamientos-faciales\/\">tratamientos faciales en Zaragoza<\/a> &#8211; <a title=\"Depilaci\u00f3n cera en Zaragoza\" href=\"https:\/\/esteticaisabelmanjon.es\/en\/depilacion-con-cera\/\">Depilaci\u00f3n con cera en Zaragoza<\/a><\/p>\t\t\t\t\t\t\t\t<\/div>\n\t\t\t\t<\/div>\n\t\t\t\t\t<\/div>\n\t\t<\/div>\n\t\t\t\t\t<\/div>\n\t\t<\/section>\n\t\t\t\t<\/div>","protected":false},"excerpt":{"rendered":"<p>Tratamientos Faciales en Zaragoza Tratamientos Faciales en Zaragoza Bioterapia Energy Lifting Terapia en la que puedes descubrir un masaje manual a nivel muscular. Destaca por su extra de reafirmaci\u00f3n facial y eliminaci\u00f3n de arrugas. Bioterapia Integrativa Para alcanzar los m\u00e1ximos resultados act\u00faa en el origen emocional de las alteraciones de la piel Bioterapia Activa Terapia [&hellip;]<\/p>\n","protected":false},"author":1,"featured_media":0,"parent":0,"menu_order":0,"comment_status":"closed","ping_status":"closed","template":"elementor_header_footer","meta":{"footnotes":""},"class_list":["post-233","page","type-page","status-publish","hentry"],"_links":{"self":[{"href":"https:\/\/esteticaisabelmanjon.es\/en\/wp-json\/wp\/v2\/pages\/233"}],"collection":[{"href":"https:\/\/esteticaisabelmanjon.es\/en\/wp-json\/wp\/v2\/pages"}],"about":[{"href":"https:\/\/esteticaisabelmanjon.es\/en\/wp-json\/wp\/v2\/types\/page"}],"author":[{"embeddable":true,"href":"https:\/\/esteticaisabelmanjon.es\/en\/wp-json\/wp\/v2\/users\/1"}],"replies":[{"embeddable":true,"href":"https:\/\/esteticaisabelmanjon.es\/en\/wp-json\/wp\/v2\/comments?post=233"}],"version-history":[{"count":63,"href":"https:\/\/esteticaisabelmanjon.es\/en\/wp-json\/wp\/v2\/pages\/233\/revisions"}],"predecessor-version":[{"id":972,"href":"https:\/\/esteticaisabelmanjon.es\/en\/wp-json\/wp\/v2\/pages\/233\/revisions\/972"}],"wp:attachment":[{"href":"https:\/\/esteticaisabelmanjon.es\/en\/wp-json\/wp\/v2\/media?parent=233"}],"curies":[{"name":"wp","href":"https:\/\/api.w.org\/{rel}","templated":true}]}}