{"id":270,"date":"2023-06-26T09:17:19","date_gmt":"2023-06-26T09:17:19","guid":{"rendered":"https:\/\/quieropaginaweb.com\/isabel\/?page_id=270"},"modified":"2024-03-27T13:48:30","modified_gmt":"2024-03-27T13:48:30","slug":"tratamientos-corporales","status":"publish","type":"page","link":"https:\/\/esteticaisabelmanjon.es\/en\/tratamientos-corporales\/","title":{"rendered":"Tratamientos Corporales en Zaragoza"},"content":{"rendered":"<div data-elementor-type=\"wp-page\" data-elementor-id=\"270\" class=\"elementor elementor-270\">\n\t\t\t\t\t\t<section class=\"elementor-section elementor-top-section elementor-element elementor-element-ac630ae elementor-section-height-min-height elementor-section-boxed elementor-section-height-default elementor-section-items-middle\" data-id=\"ac630ae\" data-element_type=\"section\" data-e-type=\"section\" data-settings=\"{&quot;background_background&quot;:&quot;classic&quot;}\">\n\t\t\t\t\t\t<div class=\"elementor-container elementor-column-gap-no\">\n\t\t\t\t\t<div class=\"elementor-column elementor-col-100 elementor-top-column elementor-element elementor-element-ab1c35d\" data-id=\"ab1c35d\" data-element_type=\"column\" data-e-type=\"column\" data-settings=\"{&quot;background_background&quot;:&quot;classic&quot;}\">\n\t\t\t<div class=\"elementor-widget-wrap elementor-element-populated\">\n\t\t\t\t\t\t<div class=\"elementor-element elementor-element-f09ca24 elementor-widget elementor-widget-heading\" data-id=\"f09ca24\" data-element_type=\"widget\" data-e-type=\"widget\" data-widget_type=\"heading.default\">\n\t\t\t\t<div class=\"elementor-widget-container\">\n\t\t\t\t\t<h1 class=\"elementor-heading-title elementor-size-default\">Tratamientos Corporales en Zaragoza<\/h1>\t\t\t\t<\/div>\n\t\t\t\t<\/div>\n\t\t\t\t\t<\/div>\n\t\t<\/div>\n\t\t\t\t\t<\/div>\n\t\t<\/section>\n\t\t\t\t<section class=\"elementor-section elementor-top-section elementor-element elementor-element-90f2cb7 elementor-section-boxed elementor-section-height-default elementor-section-height-default\" data-id=\"90f2cb7\" data-element_type=\"section\" data-e-type=\"section\">\n\t\t\t\t\t\t<div class=\"elementor-container elementor-column-gap-default\">\n\t\t\t\t\t<div class=\"elementor-column elementor-col-100 elementor-top-column elementor-element elementor-element-5cff34a\" data-id=\"5cff34a\" data-element_type=\"column\" data-e-type=\"column\" data-settings=\"{&quot;background_background&quot;:&quot;classic&quot;}\">\n\t\t\t<div class=\"elementor-widget-wrap elementor-element-populated\">\n\t\t\t\t\t\t<div class=\"elementor-element elementor-element-0e97aa7 elementor-widget elementor-widget-heading\" data-id=\"0e97aa7\" data-element_type=\"widget\" data-e-type=\"widget\" data-widget_type=\"heading.default\">\n\t\t\t\t<div class=\"elementor-widget-container\">\n\t\t\t\t\t<h2 class=\"elementor-heading-title elementor-size-default\">Tratamientos Corporales en Zaragoza<\/h2>\t\t\t\t<\/div>\n\t\t\t\t<\/div>\n\t\t\t\t<div class=\"elementor-element elementor-element-3a9a1b5 elementor-widget elementor-widget-heading\" data-id=\"3a9a1b5\" data-element_type=\"widget\" data-e-type=\"widget\" data-widget_type=\"heading.default\">\n\t\t\t\t<div class=\"elementor-widget-container\">\n\t\t\t\t\t<h2 class=\"elementor-heading-title elementor-size-default\">LPG Alliance<\/h2>\t\t\t\t<\/div>\n\t\t\t\t<\/div>\n\t\t\t\t<div class=\"elementor-element elementor-element-67201bf elementor-widget elementor-widget-text-editor\" data-id=\"67201bf\" data-element_type=\"widget\" data-e-type=\"widget\" data-widget_type=\"text-editor.default\">\n\t\t\t\t<div class=\"elementor-widget-container\">\n\t\t\t\t\t\t\t\t\t<p>Trata las acumulaciones de grasa localizada y celulitis resistentes a la dieta y ejercicio f\u00edsico.<\/p><p>Ahora LPG Alliance con una nueva patente, adem\u00e1s de el rodillo motorizado, a\u00f1ade una paleta<br \/>motorizada para poder hacer un masaje anti-celul\u00edtico y del tejido adiposo, reafirmando a la vez.<br \/>Reafirma desde la primera sesi\u00f3n y resultados visibles desde la tercera sesi\u00f3n.<br \/>Es magn\u00edfico un Ferrari en la tecnolog\u00eda de \u00faltima generaci\u00f3n.<\/p>\t\t\t\t\t\t\t\t<\/div>\n\t\t\t\t<\/div>\n\t\t\t\t<div class=\"elementor-element elementor-element-a1e14cc elementor-widget elementor-widget-heading\" data-id=\"a1e14cc\" data-element_type=\"widget\" data-e-type=\"widget\" data-widget_type=\"heading.default\">\n\t\t\t\t<div class=\"elementor-widget-container\">\n\t\t\t\t\t<h2 class=\"elementor-heading-title elementor-size-default\">Bioterapia de Busto<\/h2>\t\t\t\t<\/div>\n\t\t\t\t<\/div>\n\t\t\t\t<div class=\"elementor-element elementor-element-3a96d77 elementor-widget elementor-widget-text-editor\" data-id=\"3a96d77\" data-element_type=\"widget\" data-e-type=\"widget\" data-widget_type=\"text-editor.default\">\n\t\t\t\t<div class=\"elementor-widget-container\">\n\t\t\t\t\t\t\t\t\t<p>Terapia que alisa, embellece aportando volumen en rostro y escote, reafirmando y dando<br \/>volumen al pecho.<\/p>\t\t\t\t\t\t\t\t<\/div>\n\t\t\t\t<\/div>\n\t\t\t\t<div class=\"elementor-element elementor-element-75a5e64 elementor-widget elementor-widget-heading\" data-id=\"75a5e64\" data-element_type=\"widget\" data-e-type=\"widget\" data-widget_type=\"heading.default\">\n\t\t\t\t<div class=\"elementor-widget-container\">\n\t\t\t\t\t<h2 class=\"elementor-heading-title elementor-size-default\">Exfoliaci\u00f3n completa de todo el cuerpo hidrataci\u00f3n<\/h2>\t\t\t\t<\/div>\n\t\t\t\t<\/div>\n\t\t\t\t<div class=\"elementor-element elementor-element-f51d0c3 elementor-widget elementor-widget-text-editor\" data-id=\"f51d0c3\" data-element_type=\"widget\" data-e-type=\"widget\" data-widget_type=\"text-editor.default\">\n\t\t\t\t<div class=\"elementor-widget-container\">\n\t\t\t\t\t\t\t\t\t<p>El tratamiento de peeling corporal es una exfoliaci\u00f3n y una renovaci\u00f3n de las capas superficiales de la piel, elimina las c\u00e9lulas muertas y estimula la regeneraci\u00f3n celular.<\/p><p><br \/>Los beneficios del tratamiento incluyen la mejora de la apariencia de la piel, la reducci\u00f3n de la pigmentaci\u00f3n irregular, la eliminaci\u00f3n de c\u00e9lulas muertas, la estimulaci\u00f3n de la regeneraci\u00f3n celular, una piel m\u00e1s suave y radiante, y la preparaci\u00f3n de la piel para otros tratamientos corporales, como la hidrataci\u00f3n y la aplicaci\u00f3n de productos para el cuidado de la piel.<\/p>\t\t\t\t\t\t\t\t<\/div>\n\t\t\t\t<\/div>\n\t\t\t\t<div class=\"elementor-element elementor-element-ab09a5c elementor-widget elementor-widget-heading\" data-id=\"ab09a5c\" data-element_type=\"widget\" data-e-type=\"widget\" data-widget_type=\"heading.default\">\n\t\t\t\t<div class=\"elementor-widget-container\">\n\t\t\t\t\t<h2 class=\"elementor-heading-title elementor-size-default\">Presoterapia en Zaragoza<\/h2>\t\t\t\t<\/div>\n\t\t\t\t<\/div>\n\t\t\t\t<div class=\"elementor-element elementor-element-d6d129a elementor-widget elementor-widget-text-editor\" data-id=\"d6d129a\" data-element_type=\"widget\" data-e-type=\"widget\" data-widget_type=\"text-editor.default\">\n\t\t\t\t<div class=\"elementor-widget-container\">\n\t\t\t\t\t\t\t\t\t<p>Presoterapia para el tratamiento de la celulitis, mala circulaci\u00f3n, piernas cansadas, linfedemas, pre y post liposuccion, edemas linf\u00e1ticos.<\/p>\t\t\t\t\t\t\t\t<\/div>\n\t\t\t\t<\/div>\n\t\t\t\t<div class=\"elementor-element elementor-element-303effe elementor-absolute elementor-hidden-tablet elementor-hidden-mobile elementor-widget elementor-widget-image\" data-id=\"303effe\" data-element_type=\"widget\" data-e-type=\"widget\" data-settings=\"{&quot;_position&quot;:&quot;absolute&quot;}\" data-widget_type=\"image.default\">\n\t\t\t\t<div class=\"elementor-widget-container\">\n\t\t\t\t\t\t\t\t\t\t\t\t\t\t\t<img fetchpriority=\"high\" decoding=\"async\" width=\"800\" height=\"534\" src=\"https:\/\/esteticaisabelmanjon.es\/wp-content\/uploads\/2023\/06\/tratamiento-corporal-1024x683.jpg\" class=\"attachment-large size-large wp-image-206\" alt=\"tratamiento corporal\" srcset=\"https:\/\/esteticaisabelmanjon.es\/wp-content\/uploads\/2023\/06\/tratamiento-corporal-1024x683.jpg 1024w, https:\/\/esteticaisabelmanjon.es\/wp-content\/uploads\/2023\/06\/tratamiento-corporal-300x200.jpg 300w, https:\/\/esteticaisabelmanjon.es\/wp-content\/uploads\/2023\/06\/tratamiento-corporal-768x512.jpg 768w, https:\/\/esteticaisabelmanjon.es\/wp-content\/uploads\/2023\/06\/tratamiento-corporal.jpg 1200w\" sizes=\"(max-width: 800px) 100vw, 800px\" \/>\t\t\t\t\t\t\t\t\t\t\t\t\t\t\t<\/div>\n\t\t\t\t<\/div>\n\t\t\t\t\t<\/div>\n\t\t<\/div>\n\t\t\t\t\t<\/div>\n\t\t<\/section>\n\t\t\t\t<section class=\"elementor-section elementor-top-section elementor-element elementor-element-b09728c elementor-hidden-tablet elementor-hidden-mobile elementor-section-boxed elementor-section-height-default elementor-section-height-default\" data-id=\"b09728c\" data-element_type=\"section\" data-e-type=\"section\">\n\t\t\t\t\t\t<div class=\"elementor-container elementor-column-gap-default\">\n\t\t\t\t\t<div class=\"elementor-column elementor-col-50 elementor-top-column elementor-element elementor-element-845ff7e\" data-id=\"845ff7e\" data-element_type=\"column\" data-e-type=\"column\">\n\t\t\t<div class=\"elementor-widget-wrap elementor-element-populated\">\n\t\t\t\t\t\t<div class=\"elementor-element elementor-element-6b91c33 elementor-absolute elementor-widget elementor-widget-image\" data-id=\"6b91c33\" data-element_type=\"widget\" data-e-type=\"widget\" data-settings=\"{&quot;_position&quot;:&quot;absolute&quot;}\" data-widget_type=\"image.default\">\n\t\t\t\t<div class=\"elementor-widget-container\">\n\t\t\t\t\t\t\t\t\t\t\t\t\t\t\t<img decoding=\"async\" width=\"800\" height=\"800\" src=\"https:\/\/esteticaisabelmanjon.es\/wp-content\/uploads\/2023\/06\/3-1024x1024.png\" class=\"attachment-large size-large wp-image-334\" alt=\"icono hoja\" srcset=\"https:\/\/esteticaisabelmanjon.es\/wp-content\/uploads\/2023\/06\/3-1024x1024.png 1024w, https:\/\/esteticaisabelmanjon.es\/wp-content\/uploads\/2023\/06\/3-300x300.png 300w, https:\/\/esteticaisabelmanjon.es\/wp-content\/uploads\/2023\/06\/3-150x150.png 150w, https:\/\/esteticaisabelmanjon.es\/wp-content\/uploads\/2023\/06\/3-768x768.png 768w, https:\/\/esteticaisabelmanjon.es\/wp-content\/uploads\/2023\/06\/3-1536x1536.png 1536w, https:\/\/esteticaisabelmanjon.es\/wp-content\/uploads\/2023\/06\/3-2048x2048.png 2048w\" sizes=\"(max-width: 800px) 100vw, 800px\" \/>\t\t\t\t\t\t\t\t\t\t\t\t\t\t\t<\/div>\n\t\t\t\t<\/div>\n\t\t\t\t\t<\/div>\n\t\t<\/div>\n\t\t\t\t<div class=\"elementor-column elementor-col-50 elementor-top-column elementor-element elementor-element-3cf53b8\" data-id=\"3cf53b8\" data-element_type=\"column\" data-e-type=\"column\">\n\t\t\t<div class=\"elementor-widget-wrap elementor-element-populated\">\n\t\t\t\t\t\t<div class=\"elementor-element elementor-element-734188d elementor-absolute elementor-widget elementor-widget-image\" data-id=\"734188d\" data-element_type=\"widget\" data-e-type=\"widget\" data-settings=\"{&quot;_position&quot;:&quot;absolute&quot;}\" data-widget_type=\"image.default\">\n\t\t\t\t<div class=\"elementor-widget-container\">\n\t\t\t\t\t\t\t\t\t\t\t\t\t\t\t<img decoding=\"async\" width=\"800\" height=\"800\" src=\"https:\/\/esteticaisabelmanjon.es\/wp-content\/uploads\/2023\/06\/5-1024x1024.png\" class=\"attachment-large size-large wp-image-333\" alt=\"icono hoja\" srcset=\"https:\/\/esteticaisabelmanjon.es\/wp-content\/uploads\/2023\/06\/5-1024x1024.png 1024w, https:\/\/esteticaisabelmanjon.es\/wp-content\/uploads\/2023\/06\/5-300x300.png 300w, https:\/\/esteticaisabelmanjon.es\/wp-content\/uploads\/2023\/06\/5-150x150.png 150w, https:\/\/esteticaisabelmanjon.es\/wp-content\/uploads\/2023\/06\/5-768x768.png 768w, https:\/\/esteticaisabelmanjon.es\/wp-content\/uploads\/2023\/06\/5-1536x1536.png 1536w, https:\/\/esteticaisabelmanjon.es\/wp-content\/uploads\/2023\/06\/5-2048x2048.png 2048w\" sizes=\"(max-width: 800px) 100vw, 800px\" \/>\t\t\t\t\t\t\t\t\t\t\t\t\t\t\t<\/div>\n\t\t\t\t<\/div>\n\t\t\t\t\t<\/div>\n\t\t<\/div>\n\t\t\t\t\t<\/div>\n\t\t<\/section>\n\t\t\t\t<section class=\"elementor-section elementor-top-section elementor-element elementor-element-e2e9516 elementor-section-boxed elementor-section-height-default elementor-section-height-default\" data-id=\"e2e9516\" data-element_type=\"section\" data-e-type=\"section\">\n\t\t\t\t\t\t<div class=\"elementor-container elementor-column-gap-default\">\n\t\t\t\t\t<div class=\"elementor-column elementor-col-100 elementor-top-column elementor-element elementor-element-f7d99e8\" data-id=\"f7d99e8\" data-element_type=\"column\" data-e-type=\"column\">\n\t\t\t<div class=\"elementor-widget-wrap elementor-element-populated\">\n\t\t\t\t\t\t<div class=\"elementor-element elementor-element-ca18218 elementor-widget elementor-widget-text-editor\" data-id=\"ca18218\" data-element_type=\"widget\" data-e-type=\"widget\" data-widget_type=\"text-editor.default\">\n\t\t\t\t<div class=\"elementor-widget-container\">\n\t\t\t\t\t\t\t\t\t<h3>\u00bfQue beneficios hay de un tratamiento corporal en Zaragoza?<\/h3><p>En <a href=\"https:\/\/www.zaragoza.es\/sede\/\"><strong>Zaragoza<\/strong><\/a>, los tratamientos corporales son la opci\u00f3n perfecta para aquellos que desean cuidar y mejorar su aspecto f\u00edsico. Con una variedad de opciones disponibles, desde masajes relajantes hasta tratamientos reductores, la ciudad ofrece una amplia gama de servicios para satisfacer las necesidades de cada individuo.\u00a0<\/p><p>Estos tratamientos no solo ayudan a rejuvenecer y tonificar la piel, sino que tambi\u00e9n proporcionan beneficios para la salud y el bienestar general.\u00a0<\/p><p>Con profesionales capacitados y equipos de \u00faltima generaci\u00f3n, los centros de <b>tratamiento corporal en Zaragoza<\/b> garantizan resultados visibles y duraderos.\u00a0<\/p><p>No hay mejor manera de consentirte y cuidar de ti mismo que con un <b>tratamiento corporal en Zaragoza<\/b>.<\/p>\t\t\t\t\t\t\t\t<\/div>\n\t\t\t\t<\/div>\n\t\t\t\t\t<\/div>\n\t\t<\/div>\n\t\t\t\t\t<\/div>\n\t\t<\/section>\n\t\t\t\t<section class=\"elementor-section elementor-top-section elementor-element elementor-element-7e0db6e elementor-section-boxed elementor-section-height-default elementor-section-height-default\" data-id=\"7e0db6e\" data-element_type=\"section\" data-e-type=\"section\">\n\t\t\t\t\t\t<div class=\"elementor-container elementor-column-gap-default\">\n\t\t\t\t\t<div class=\"elementor-column elementor-col-100 elementor-top-column elementor-element elementor-element-09c6ae1\" data-id=\"09c6ae1\" data-element_type=\"column\" data-e-type=\"column\">\n\t\t\t<div class=\"elementor-widget-wrap elementor-element-populated\">\n\t\t\t\t\t\t<div class=\"elementor-element elementor-element-97247a9 elementor-widget elementor-widget-text-editor\" data-id=\"97247a9\" data-element_type=\"widget\" data-e-type=\"widget\" data-widget_type=\"text-editor.default\">\n\t\t\t\t<div class=\"elementor-widget-container\">\n\t\t\t\t\t\t\t\t\t<p>Te ofrecemos otros servicios como: <br \/><a title=\"tratamientos corporales en Zaragoza\" href=\"https:\/\/esteticaisabelmanjon.es\/en\/tratamientos-corporales\/\">tratamientos corporales en Zaragoza<\/a> &#8211; <a title=\"tratamientos faciales en Zaragoza\" href=\"https:\/\/esteticaisabelmanjon.es\/en\/tratamientos-faciales\/\">tratamientos faciales en Zaragoza<\/a> &#8211; <a title=\"Depilaci\u00f3n cera en Zaragoza\" href=\"https:\/\/esteticaisabelmanjon.es\/en\/depilacion-con-cera\/\">Depilaci\u00f3n con cera en Zaragoza<\/a><\/p>\t\t\t\t\t\t\t\t<\/div>\n\t\t\t\t<\/div>\n\t\t\t\t\t<\/div>\n\t\t<\/div>\n\t\t\t\t\t<\/div>\n\t\t<\/section>\n\t\t\t\t<\/div>","protected":false},"excerpt":{"rendered":"<p>Tratamientos Corporales en Zaragoza Tratamientos Corporales en Zaragoza LPG Alliance Trata las acumulaciones de grasa localizada y celulitis resistentes a la dieta y ejercicio f\u00edsico. Ahora LPG Alliance con una nueva patente, adem\u00e1s de el rodillo motorizado, a\u00f1ade una paletamotorizada para poder hacer un masaje anti-celul\u00edtico y del tejido adiposo, reafirmando a la vez.Reafirma desde [&hellip;]<\/p>\n","protected":false},"author":1,"featured_media":0,"parent":0,"menu_order":0,"comment_status":"closed","ping_status":"closed","template":"elementor_header_footer","meta":{"footnotes":""},"class_list":["post-270","page","type-page","status-publish","hentry"],"_links":{"self":[{"href":"https:\/\/esteticaisabelmanjon.es\/en\/wp-json\/wp\/v2\/pages\/270"}],"collection":[{"href":"https:\/\/esteticaisabelmanjon.es\/en\/wp-json\/wp\/v2\/pages"}],"about":[{"href":"https:\/\/esteticaisabelmanjon.es\/en\/wp-json\/wp\/v2\/types\/page"}],"author":[{"embeddable":true,"href":"https:\/\/esteticaisabelmanjon.es\/en\/wp-json\/wp\/v2\/users\/1"}],"replies":[{"embeddable":true,"href":"https:\/\/esteticaisabelmanjon.es\/en\/wp-json\/wp\/v2\/comments?post=270"}],"version-history":[{"count":41,"href":"https:\/\/esteticaisabelmanjon.es\/en\/wp-json\/wp\/v2\/pages\/270\/revisions"}],"predecessor-version":[{"id":967,"href":"https:\/\/esteticaisabelmanjon.es\/en\/wp-json\/wp\/v2\/pages\/270\/revisions\/967"}],"wp:attachment":[{"href":"https:\/\/esteticaisabelmanjon.es\/en\/wp-json\/wp\/v2\/media?parent=270"}],"curies":[{"name":"wp","href":"https:\/\/api.w.org\/{rel}","templated":true}]}}