{"id":285,"date":"2023-06-26T09:28:34","date_gmt":"2023-06-26T09:28:34","guid":{"rendered":"https:\/\/quieropaginaweb.com\/isabel\/?page_id=285"},"modified":"2023-07-07T11:29:13","modified_gmt":"2023-07-07T11:29:13","slug":"masajes-ayurveda","status":"publish","type":"page","link":"https:\/\/esteticaisabelmanjon.es\/en\/masajes-ayurveda\/","title":{"rendered":"Masajes Ayurveda"},"content":{"rendered":"<div data-elementor-type=\"wp-page\" data-elementor-id=\"285\" class=\"elementor elementor-285\">\n\t\t\t\t\t\t<section class=\"elementor-section elementor-top-section elementor-element elementor-element-ac630ae elementor-section-height-min-height elementor-section-boxed elementor-section-height-default elementor-section-items-middle\" data-id=\"ac630ae\" data-element_type=\"section\" data-e-type=\"section\" data-settings=\"{&quot;background_background&quot;:&quot;classic&quot;}\">\n\t\t\t\t\t\t<div class=\"elementor-container elementor-column-gap-no\">\n\t\t\t\t\t<div class=\"elementor-column elementor-col-100 elementor-top-column elementor-element elementor-element-ab1c35d\" data-id=\"ab1c35d\" data-element_type=\"column\" data-e-type=\"column\" data-settings=\"{&quot;background_background&quot;:&quot;classic&quot;}\">\n\t\t\t<div class=\"elementor-widget-wrap elementor-element-populated\">\n\t\t\t\t\t\t<div class=\"elementor-element elementor-element-f09ca24 elementor-widget elementor-widget-heading\" data-id=\"f09ca24\" data-element_type=\"widget\" data-e-type=\"widget\" data-widget_type=\"heading.default\">\n\t\t\t\t<div class=\"elementor-widget-container\">\n\t\t\t\t\t<h1 class=\"elementor-heading-title elementor-size-default\">Masajes Ayurveda<\/h1>\t\t\t\t<\/div>\n\t\t\t\t<\/div>\n\t\t\t\t\t<\/div>\n\t\t<\/div>\n\t\t\t\t\t<\/div>\n\t\t<\/section>\n\t\t\t\t<section class=\"elementor-section elementor-top-section elementor-element elementor-element-90f2cb7 elementor-section-boxed elementor-section-height-default elementor-section-height-default\" data-id=\"90f2cb7\" data-element_type=\"section\" data-e-type=\"section\">\n\t\t\t\t\t\t<div class=\"elementor-container elementor-column-gap-default\">\n\t\t\t\t\t<div class=\"elementor-column elementor-col-100 elementor-top-column elementor-element elementor-element-5cff34a\" data-id=\"5cff34a\" data-element_type=\"column\" data-e-type=\"column\" data-settings=\"{&quot;background_background&quot;:&quot;classic&quot;}\">\n\t\t\t<div class=\"elementor-widget-wrap elementor-element-populated\">\n\t\t\t\t\t\t<div class=\"elementor-element elementor-element-0e97aa7 elementor-widget elementor-widget-heading\" data-id=\"0e97aa7\" data-element_type=\"widget\" data-e-type=\"widget\" data-widget_type=\"heading.default\">\n\t\t\t\t<div class=\"elementor-widget-container\">\n\t\t\t\t\t<h2 class=\"elementor-heading-title elementor-size-default\">Masajes Ayurveda<\/h2>\t\t\t\t<\/div>\n\t\t\t\t<\/div>\n\t\t\t\t<div class=\"elementor-element elementor-element-3a9a1b5 elementor-widget elementor-widget-heading\" data-id=\"3a9a1b5\" data-element_type=\"widget\" data-e-type=\"widget\" data-widget_type=\"heading.default\">\n\t\t\t\t<div class=\"elementor-widget-container\">\n\t\t\t\t\t<h2 class=\"elementor-heading-title elementor-size-default\">Que es la Ayurveda<\/h2>\t\t\t\t<\/div>\n\t\t\t\t<\/div>\n\t\t\t\t<div class=\"elementor-element elementor-element-67201bf elementor-widget elementor-widget-text-editor\" data-id=\"67201bf\" data-element_type=\"widget\" data-e-type=\"widget\" data-widget_type=\"text-editor.default\">\n\t\t\t\t<div class=\"elementor-widget-container\">\n\t\t\t\t\t\t\t\t\t<p>Ayurveda se preocupa por el mantenimiento de la salud, <br \/>mejorando la calidad de vida y la prevenci\u00f3n de enfermedades.<\/p><p><br \/>Tiene en cuenta todos los aspectos de la vida, como la constituci\u00f3n f\u00edsica y mental, el estilo de<br \/>vida y los desequilibrios de un individuo<\/p>\t\t\t\t\t\t\t\t<\/div>\n\t\t\t\t<\/div>\n\t\t\t\t<div class=\"elementor-element elementor-element-a1e14cc elementor-widget elementor-widget-heading\" data-id=\"a1e14cc\" data-element_type=\"widget\" data-e-type=\"widget\" data-widget_type=\"heading.default\">\n\t\t\t\t<div class=\"elementor-widget-container\">\n\t\t\t\t\t<h2 class=\"elementor-heading-title elementor-size-default\">Pinda Sweda | Dolor muscular<\/h2>\t\t\t\t<\/div>\n\t\t\t\t<\/div>\n\t\t\t\t<div class=\"elementor-element elementor-element-3a96d77 elementor-widget elementor-widget-text-editor\" data-id=\"3a96d77\" data-element_type=\"widget\" data-e-type=\"widget\" data-widget_type=\"text-editor.default\">\n\t\t\t\t<div class=\"elementor-widget-container\">\n\t\t\t\t\t\t\t\t\t<p>Pinda sweda es una terapia especializada que se realiza para las enfermedades relacionadas con huesos, articulaciones, m\u00fasculos y nervios asociados con inflamaci\u00f3n, hinchaz\u00f3n y rigidez (muscular). Preparo un bolo con una mezcla personalizada de polvos medicados o arroz rojo con decocci\u00f3n de plantas y leche medicada y realizo un masaje con aceite caliente por la zona a tratar o por todo el cuerpo. Produce una relajaci\u00f3n muscular, trabaja sobre el sistema nervioso, a nivel articular y rejuvenece los tejidos.<\/p>\t\t\t\t\t\t\t\t<\/div>\n\t\t\t\t<\/div>\n\t\t\t\t<div class=\"elementor-element elementor-element-75a5e64 elementor-widget elementor-widget-heading\" data-id=\"75a5e64\" data-element_type=\"widget\" data-e-type=\"widget\" data-widget_type=\"heading.default\">\n\t\t\t\t<div class=\"elementor-widget-container\">\n\t\t\t\t\t<h2 class=\"elementor-heading-title elementor-size-default\">Abhyanga| Equilibrio<\/h2>\t\t\t\t<\/div>\n\t\t\t\t<\/div>\n\t\t\t\t<div class=\"elementor-element elementor-element-f51d0c3 elementor-widget elementor-widget-text-editor\" data-id=\"f51d0c3\" data-element_type=\"widget\" data-e-type=\"widget\" data-widget_type=\"text-editor.default\">\n\t\t\t\t<div class=\"elementor-widget-container\">\n\t\t\t\t\t\t\t\t\t<p>El tratamiento Abhyanga es un masaje de cuerpo entero en el que se emplea un aceite medicado especialmente seleccionado para satisfacer tus necesidades.<\/p><p>Se diferencia de otras t\u00e9cnicas de masaje porque se realiza con movimientos descendentes que eliminan la fatiga y el estr\u00e9s, ayuda a dormir, previene los trastornos del sistema nervioso, fortalece el sistema inmunol\u00f3gico, la piel se vuelve suave y brillante.<\/p>\t\t\t\t\t\t\t\t<\/div>\n\t\t\t\t<\/div>\n\t\t\t\t<div class=\"elementor-element elementor-element-303effe elementor-absolute elementor-hidden-tablet elementor-hidden-mobile elementor-widget elementor-widget-image\" data-id=\"303effe\" data-element_type=\"widget\" data-e-type=\"widget\" data-settings=\"{&quot;_position&quot;:&quot;absolute&quot;}\" data-widget_type=\"image.default\">\n\t\t\t\t<div class=\"elementor-widget-container\">\n\t\t\t\t\t\t\t\t\t\t\t\t\t\t\t<img fetchpriority=\"high\" decoding=\"async\" width=\"800\" height=\"534\" src=\"https:\/\/esteticaisabelmanjon.es\/wp-content\/uploads\/2023\/06\/masaje-ayurveda2-1024x683.jpg\" class=\"attachment-large size-large wp-image-438\" alt=\"Mujer al que le hacen masaje aryuveda\" srcset=\"https:\/\/esteticaisabelmanjon.es\/wp-content\/uploads\/2023\/06\/masaje-ayurveda2-1024x683.jpg 1024w, https:\/\/esteticaisabelmanjon.es\/wp-content\/uploads\/2023\/06\/masaje-ayurveda2-300x200.jpg 300w, https:\/\/esteticaisabelmanjon.es\/wp-content\/uploads\/2023\/06\/masaje-ayurveda2-768x512.jpg 768w, https:\/\/esteticaisabelmanjon.es\/wp-content\/uploads\/2023\/06\/masaje-ayurveda2.jpg 1200w\" sizes=\"(max-width: 800px) 100vw, 800px\" \/>\t\t\t\t\t\t\t\t\t\t\t\t\t\t\t<\/div>\n\t\t\t\t<\/div>\n\t\t\t\t\t<\/div>\n\t\t<\/div>\n\t\t\t\t\t<\/div>\n\t\t<\/section>\n\t\t\t\t<section class=\"elementor-section elementor-top-section elementor-element elementor-element-b021f57 elementor-hidden-tablet elementor-hidden-mobile elementor-section-boxed elementor-section-height-default elementor-section-height-default\" data-id=\"b021f57\" data-element_type=\"section\" data-e-type=\"section\">\n\t\t\t\t\t\t<div class=\"elementor-container elementor-column-gap-default\">\n\t\t\t\t\t<div class=\"elementor-column elementor-col-50 elementor-top-column elementor-element elementor-element-27caf07\" data-id=\"27caf07\" data-element_type=\"column\" data-e-type=\"column\">\n\t\t\t<div class=\"elementor-widget-wrap elementor-element-populated\">\n\t\t\t\t\t\t<div class=\"elementor-element elementor-element-acc4a60 elementor-absolute elementor-widget elementor-widget-image\" data-id=\"acc4a60\" data-element_type=\"widget\" data-e-type=\"widget\" data-settings=\"{&quot;_position&quot;:&quot;absolute&quot;}\" data-widget_type=\"image.default\">\n\t\t\t\t<div class=\"elementor-widget-container\">\n\t\t\t\t\t\t\t\t\t\t\t\t\t\t\t<img decoding=\"async\" width=\"800\" height=\"800\" src=\"https:\/\/esteticaisabelmanjon.es\/wp-content\/uploads\/2023\/06\/3-1024x1024.png\" class=\"attachment-large size-large wp-image-334\" alt=\"icono hoja\" srcset=\"https:\/\/esteticaisabelmanjon.es\/wp-content\/uploads\/2023\/06\/3-1024x1024.png 1024w, https:\/\/esteticaisabelmanjon.es\/wp-content\/uploads\/2023\/06\/3-300x300.png 300w, https:\/\/esteticaisabelmanjon.es\/wp-content\/uploads\/2023\/06\/3-150x150.png 150w, https:\/\/esteticaisabelmanjon.es\/wp-content\/uploads\/2023\/06\/3-768x768.png 768w, https:\/\/esteticaisabelmanjon.es\/wp-content\/uploads\/2023\/06\/3-1536x1536.png 1536w, https:\/\/esteticaisabelmanjon.es\/wp-content\/uploads\/2023\/06\/3-2048x2048.png 2048w\" sizes=\"(max-width: 800px) 100vw, 800px\" \/>\t\t\t\t\t\t\t\t\t\t\t\t\t\t\t<\/div>\n\t\t\t\t<\/div>\n\t\t\t\t\t<\/div>\n\t\t<\/div>\n\t\t\t\t<div class=\"elementor-column elementor-col-50 elementor-top-column elementor-element elementor-element-ce86cd6\" data-id=\"ce86cd6\" data-element_type=\"column\" data-e-type=\"column\">\n\t\t\t<div class=\"elementor-widget-wrap elementor-element-populated\">\n\t\t\t\t\t\t<div class=\"elementor-element elementor-element-37a9c1d elementor-absolute elementor-widget elementor-widget-image\" data-id=\"37a9c1d\" data-element_type=\"widget\" data-e-type=\"widget\" data-settings=\"{&quot;_position&quot;:&quot;absolute&quot;}\" data-widget_type=\"image.default\">\n\t\t\t\t<div class=\"elementor-widget-container\">\n\t\t\t\t\t\t\t\t\t\t\t\t\t\t\t<img decoding=\"async\" width=\"800\" height=\"800\" src=\"https:\/\/esteticaisabelmanjon.es\/wp-content\/uploads\/2023\/06\/5-1024x1024.png\" class=\"attachment-large size-large wp-image-333\" alt=\"icono hoja\" srcset=\"https:\/\/esteticaisabelmanjon.es\/wp-content\/uploads\/2023\/06\/5-1024x1024.png 1024w, https:\/\/esteticaisabelmanjon.es\/wp-content\/uploads\/2023\/06\/5-300x300.png 300w, https:\/\/esteticaisabelmanjon.es\/wp-content\/uploads\/2023\/06\/5-150x150.png 150w, https:\/\/esteticaisabelmanjon.es\/wp-content\/uploads\/2023\/06\/5-768x768.png 768w, https:\/\/esteticaisabelmanjon.es\/wp-content\/uploads\/2023\/06\/5-1536x1536.png 1536w, https:\/\/esteticaisabelmanjon.es\/wp-content\/uploads\/2023\/06\/5-2048x2048.png 2048w\" sizes=\"(max-width: 800px) 100vw, 800px\" \/>\t\t\t\t\t\t\t\t\t\t\t\t\t\t\t<\/div>\n\t\t\t\t<\/div>\n\t\t\t\t\t<\/div>\n\t\t<\/div>\n\t\t\t\t\t<\/div>\n\t\t<\/section>\n\t\t\t\t<\/div>","protected":false},"excerpt":{"rendered":"<p>Masajes Ayurveda Masajes Ayurveda Que es la Ayurveda Ayurveda se preocupa por el mantenimiento de la salud, mejorando la calidad de vida y la prevenci\u00f3n de enfermedades. Tiene en cuenta todos los aspectos de la vida, como la constituci\u00f3n f\u00edsica y mental, el estilo devida y los desequilibrios de un individuo Pinda Sweda | Dolor [&hellip;]<\/p>\n","protected":false},"author":1,"featured_media":0,"parent":0,"menu_order":0,"comment_status":"closed","ping_status":"closed","template":"elementor_header_footer","meta":{"footnotes":""},"class_list":["post-285","page","type-page","status-publish","hentry"],"_links":{"self":[{"href":"https:\/\/esteticaisabelmanjon.es\/en\/wp-json\/wp\/v2\/pages\/285"}],"collection":[{"href":"https:\/\/esteticaisabelmanjon.es\/en\/wp-json\/wp\/v2\/pages"}],"about":[{"href":"https:\/\/esteticaisabelmanjon.es\/en\/wp-json\/wp\/v2\/types\/page"}],"author":[{"embeddable":true,"href":"https:\/\/esteticaisabelmanjon.es\/en\/wp-json\/wp\/v2\/users\/1"}],"replies":[{"embeddable":true,"href":"https:\/\/esteticaisabelmanjon.es\/en\/wp-json\/wp\/v2\/comments?post=285"}],"version-history":[{"count":19,"href":"https:\/\/esteticaisabelmanjon.es\/en\/wp-json\/wp\/v2\/pages\/285\/revisions"}],"predecessor-version":[{"id":722,"href":"https:\/\/esteticaisabelmanjon.es\/en\/wp-json\/wp\/v2\/pages\/285\/revisions\/722"}],"wp:attachment":[{"href":"https:\/\/esteticaisabelmanjon.es\/en\/wp-json\/wp\/v2\/media?parent=285"}],"curies":[{"name":"wp","href":"https:\/\/api.w.org\/{rel}","templated":true}]}}