{"id":290,"date":"2023-06-26T09:33:36","date_gmt":"2023-06-26T09:33:36","guid":{"rendered":"https:\/\/quieropaginaweb.com\/isabel\/?page_id=290"},"modified":"2023-07-07T11:28:37","modified_gmt":"2023-07-07T11:28:37","slug":"masajes","status":"publish","type":"page","link":"https:\/\/esteticaisabelmanjon.es\/en\/masajes\/","title":{"rendered":"Masajes"},"content":{"rendered":"<div data-elementor-type=\"wp-page\" data-elementor-id=\"290\" class=\"elementor elementor-290\">\n\t\t\t\t\t\t<section class=\"elementor-section elementor-top-section elementor-element elementor-element-ac630ae elementor-section-height-min-height elementor-section-boxed elementor-section-height-default elementor-section-items-middle\" data-id=\"ac630ae\" data-element_type=\"section\" data-e-type=\"section\" data-settings=\"{&quot;background_background&quot;:&quot;classic&quot;}\">\n\t\t\t\t\t\t<div class=\"elementor-container elementor-column-gap-no\">\n\t\t\t\t\t<div class=\"elementor-column elementor-col-100 elementor-top-column elementor-element elementor-element-ab1c35d\" data-id=\"ab1c35d\" data-element_type=\"column\" data-e-type=\"column\" data-settings=\"{&quot;background_background&quot;:&quot;classic&quot;}\">\n\t\t\t<div class=\"elementor-widget-wrap elementor-element-populated\">\n\t\t\t\t\t\t<div class=\"elementor-element elementor-element-f09ca24 elementor-widget elementor-widget-heading\" data-id=\"f09ca24\" data-element_type=\"widget\" data-e-type=\"widget\" data-widget_type=\"heading.default\">\n\t\t\t\t<div class=\"elementor-widget-container\">\n\t\t\t\t\t<h1 class=\"elementor-heading-title elementor-size-default\">Masajes <\/h1>\t\t\t\t<\/div>\n\t\t\t\t<\/div>\n\t\t\t\t\t<\/div>\n\t\t<\/div>\n\t\t\t\t\t<\/div>\n\t\t<\/section>\n\t\t\t\t<section class=\"elementor-section elementor-top-section elementor-element elementor-element-90f2cb7 elementor-section-boxed elementor-section-height-default elementor-section-height-default\" data-id=\"90f2cb7\" data-element_type=\"section\" data-e-type=\"section\">\n\t\t\t\t\t\t<div class=\"elementor-container elementor-column-gap-default\">\n\t\t\t\t\t<div class=\"elementor-column elementor-col-100 elementor-top-column elementor-element elementor-element-5cff34a\" data-id=\"5cff34a\" data-element_type=\"column\" data-e-type=\"column\" data-settings=\"{&quot;background_background&quot;:&quot;classic&quot;}\">\n\t\t\t<div class=\"elementor-widget-wrap elementor-element-populated\">\n\t\t\t\t\t\t<div class=\"elementor-element elementor-element-0e97aa7 elementor-widget elementor-widget-heading\" data-id=\"0e97aa7\" data-element_type=\"widget\" data-e-type=\"widget\" data-widget_type=\"heading.default\">\n\t\t\t\t<div class=\"elementor-widget-container\">\n\t\t\t\t\t<h2 class=\"elementor-heading-title elementor-size-default\">Masajes <\/h2>\t\t\t\t<\/div>\n\t\t\t\t<\/div>\n\t\t\t\t<div class=\"elementor-element elementor-element-3a9a1b5 elementor-widget elementor-widget-heading\" data-id=\"3a9a1b5\" data-element_type=\"widget\" data-e-type=\"widget\" data-widget_type=\"heading.default\">\n\t\t\t\t<div class=\"elementor-widget-container\">\n\t\t\t\t\t<h2 class=\"elementor-heading-title elementor-size-default\">Bioterapia Corporal Piernas Perfectas<\/h2>\t\t\t\t<\/div>\n\t\t\t\t<\/div>\n\t\t\t\t<div class=\"elementor-element elementor-element-67201bf elementor-widget elementor-widget-text-editor\" data-id=\"67201bf\" data-element_type=\"widget\" data-e-type=\"widget\" data-widget_type=\"text-editor.default\">\n\t\t\t\t<div class=\"elementor-widget-container\">\n\t\t\t\t\t\t\t\t\t<p>Es un sistema que se utiliza para estimular el sistema linf\u00e1tico, del cuerpo y promover la<br \/>circulaci\u00f3n y eliminacion de l\u00edquidos.<\/p><p><br \/>Se utiliza para tratar una variedad de condiciones, como edema (acumulaci\u00f3n de liquido),<br \/>retenci\u00f3n de agua, celulitis, hinchaz\u00f3n despu\u00e9s de cirug\u00edas o lesiones, trastornos del sistema<br \/>linf\u00e1tico y problemas circulatorios.<\/p>\t\t\t\t\t\t\t\t<\/div>\n\t\t\t\t<\/div>\n\t\t\t\t<div class=\"elementor-element elementor-element-a1e14cc elementor-widget elementor-widget-heading\" data-id=\"a1e14cc\" data-element_type=\"widget\" data-e-type=\"widget\" data-widget_type=\"heading.default\">\n\t\t\t\t<div class=\"elementor-widget-container\">\n\t\t\t\t\t<h2 class=\"elementor-heading-title elementor-size-default\">Bioterapia corporal Sculptor<\/h2>\t\t\t\t<\/div>\n\t\t\t\t<\/div>\n\t\t\t\t<div class=\"elementor-element elementor-element-3a96d77 elementor-widget elementor-widget-text-editor\" data-id=\"3a96d77\" data-element_type=\"widget\" data-e-type=\"widget\" data-widget_type=\"text-editor.default\">\n\t\t\t\t<div class=\"elementor-widget-container\">\n\t\t\t\t\t\t\t\t\t<p>Tratamiento que combate eficazmente la celulitis y previene su formaci\u00f3n actuando sobre el metabolismo de los adipocitos. Posee una potente acci\u00f3n drenante que mejora la circulaci\u00f3n sangu\u00ednea y favorece la eliminaci\u00f3n de l\u00edquidos y grasas localizadas. Depura toxinas para conseguir una silueta m\u00e1s estilizada y firme.<\/p><p><br \/>Efectos: A lo largo de la sesi\u00f3n se aplican cuatro productos, cada uno con una funci\u00f3n espec\u00edfica:<br \/>\u2022 Efecto detox: drena y activa la circulaci\u00f3n,<br \/>\u2022 Efecto anticelul\u00edtico: reduce la piel de naranja y activa la quema de grasas.<br \/>\u2022 Efecto reducIor: activa el metabolismo para conseguir un vientre planc<br \/>\u2022 Efecto reafirmante: reafirma y tonifica todo el cuerpo.<\/p>\t\t\t\t\t\t\t\t<\/div>\n\t\t\t\t<\/div>\n\t\t\t\t<div class=\"elementor-element elementor-element-75a5e64 elementor-widget elementor-widget-heading\" data-id=\"75a5e64\" data-element_type=\"widget\" data-e-type=\"widget\" data-widget_type=\"heading.default\">\n\t\t\t\t<div class=\"elementor-widget-container\">\n\t\t\t\t\t<h2 class=\"elementor-heading-title elementor-size-default\">Masaje 60M<\/h2>\t\t\t\t<\/div>\n\t\t\t\t<\/div>\n\t\t\t\t<div class=\"elementor-element elementor-element-f51d0c3 elementor-widget elementor-widget-text-editor\" data-id=\"f51d0c3\" data-element_type=\"widget\" data-e-type=\"widget\" data-widget_type=\"text-editor.default\">\n\t\t\t\t<div class=\"elementor-widget-container\">\n\t\t\t\t\t\t\t\t\t<p>Si lo que necesitas es no s\u00f3lo renovar tu cuerpo, sino tambi\u00e9n tu mente, disfruta de 60 minutos<br \/>de masajes relajantes a trav\u00e9s de los cuales conseguir\u00e1s la calma y desconexi\u00f3n que necesitas.<\/p><p><br \/>Al final del masaje de 60 minutos, te sentiras relajado, rejuvenecido y revitalizado. Puedes experimentar una sensaci\u00f3n de alivio del estr\u00e9s, una mejora en la circulaci\u00f3n sangu\u00ednea y una sensaci\u00f3n general de bienestar<\/p>\t\t\t\t\t\t\t\t<\/div>\n\t\t\t\t<\/div>\n\t\t\t\t<div class=\"elementor-element elementor-element-6a9c35b elementor-widget elementor-widget-heading\" data-id=\"6a9c35b\" data-element_type=\"widget\" data-e-type=\"widget\" data-widget_type=\"heading.default\">\n\t\t\t\t<div class=\"elementor-widget-container\">\n\t\t\t\t\t<h2 class=\"elementor-heading-title elementor-size-default\">Masaje 30M<\/h2>\t\t\t\t<\/div>\n\t\t\t\t<\/div>\n\t\t\t\t<div class=\"elementor-element elementor-element-0816cad elementor-widget elementor-widget-text-editor\" data-id=\"0816cad\" data-element_type=\"widget\" data-e-type=\"widget\" data-widget_type=\"text-editor.default\">\n\t\t\t\t<div class=\"elementor-widget-container\">\n\t\t\t\t\t\t\t\t\t<p>Si lo Que necesitas es no s\u00f3lo renovar tu cuerpo, sino tambi\u00e9n tu mente, disfruta de 30 minutos de masajes relajantes a trav\u00e9s de los cuales conseguir\u00e1s la calma y desconexi\u00f3n que necesitas.<\/p><p><br \/>Al final del masaje de 30 minutos, te sentiras relajado, rejuvenecido y revitalizado. Puedes experimentar una sensaci\u00f3n de alivio del estr\u00e9s, una mejora en la circulaci\u00f3n sangu\u00ednea y una sensaci\u00f3n general de bienestar.<\/p>\t\t\t\t\t\t\t\t<\/div>\n\t\t\t\t<\/div>\n\t\t\t\t<div class=\"elementor-element elementor-element-1f13cf8 elementor-widget elementor-widget-heading\" data-id=\"1f13cf8\" data-element_type=\"widget\" data-e-type=\"widget\" data-widget_type=\"heading.default\">\n\t\t\t\t<div class=\"elementor-widget-container\">\n\t\t\t\t\t<h2 class=\"elementor-heading-title elementor-size-default\">Masaje Terapeutico Geotermal de 30m<\/h2>\t\t\t\t<\/div>\n\t\t\t\t<\/div>\n\t\t\t\t<div class=\"elementor-element elementor-element-303effe elementor-absolute elementor-hidden-tablet elementor-hidden-mobile elementor-widget elementor-widget-image\" data-id=\"303effe\" data-element_type=\"widget\" data-e-type=\"widget\" data-settings=\"{&quot;_position&quot;:&quot;absolute&quot;}\" data-widget_type=\"image.default\">\n\t\t\t\t<div class=\"elementor-widget-container\">\n\t\t\t\t\t\t\t\t\t\t\t\t\t\t\t<img fetchpriority=\"high\" decoding=\"async\" width=\"800\" height=\"534\" src=\"https:\/\/esteticaisabelmanjon.es\/wp-content\/uploads\/2023\/06\/masajes-2-1024x683.jpg\" class=\"attachment-large size-large wp-image-433\" alt=\"masaje cervical a una mujer\" srcset=\"https:\/\/esteticaisabelmanjon.es\/wp-content\/uploads\/2023\/06\/masajes-2-1024x683.jpg 1024w, https:\/\/esteticaisabelmanjon.es\/wp-content\/uploads\/2023\/06\/masajes-2-300x200.jpg 300w, https:\/\/esteticaisabelmanjon.es\/wp-content\/uploads\/2023\/06\/masajes-2-768x512.jpg 768w, https:\/\/esteticaisabelmanjon.es\/wp-content\/uploads\/2023\/06\/masajes-2.jpg 1200w\" sizes=\"(max-width: 800px) 100vw, 800px\" \/>\t\t\t\t\t\t\t\t\t\t\t\t\t\t\t<\/div>\n\t\t\t\t<\/div>\n\t\t\t\t<div class=\"elementor-element elementor-element-6d0ef69 elementor-widget elementor-widget-text-editor\" data-id=\"6d0ef69\" data-element_type=\"widget\" data-e-type=\"widget\" data-widget_type=\"text-editor.default\">\n\t\t\t\t<div class=\"elementor-widget-container\">\n\t\t\t\t\t\t\t\t\t<p>El Masaje Terap\u00e9utico con piedras volc\u00e1nicas, tambi\u00e9n conocido como terapia geotermal, tiene su origen en la medicina oriental y su principal objetivo es movilizar el organismo, potenciando la relajaci\u00f3n muscular. La colocaci\u00f3n de piedras calientes en las zonas indicadas pueden ayudar a reducir el estr\u00e9s, mejorar dolencias, beneficiar a la circulaci\u00f3n, entre muchos otros beneficios. El Masaje con piedras volc\u00e1nicas trabaia nuestros siete centros energ\u00e9ticos o &#8216;chakras&#8217; a trav\u00e9s de los cuales fluye nuestra energ\u00eda, consiguiendo fluidez en la vida evitando enfermedades y liberando estr\u00e9s.<\/p><p>\u00bfCu\u00e1les son los beneficios de un masaje con piedras calientes?<br \/>El masaje con piedras calientes tiene m\u00faltiples de beneficios, sin embargo, todos ellos se pueden agrupar en tres grandes grupos, la reducci\u00f3n y alivio del dolor, la eliminaci\u00f3n de toxinas de la piel y la mejora del sistema circulatorio.<\/p>\t\t\t\t\t\t\t\t<\/div>\n\t\t\t\t<\/div>\n\t\t\t\t<div class=\"elementor-element elementor-element-d093bea elementor-widget elementor-widget-heading\" data-id=\"d093bea\" data-element_type=\"widget\" data-e-type=\"widget\" data-widget_type=\"heading.default\">\n\t\t\t\t<div class=\"elementor-widget-container\">\n\t\t\t\t\t<h2 class=\"elementor-heading-title elementor-size-default\">Masaje Terapeutico Geotermal 60m<\/h2>\t\t\t\t<\/div>\n\t\t\t\t<\/div>\n\t\t\t\t<div class=\"elementor-element elementor-element-38066f4 elementor-widget elementor-widget-text-editor\" data-id=\"38066f4\" data-element_type=\"widget\" data-e-type=\"widget\" data-widget_type=\"text-editor.default\">\n\t\t\t\t<div class=\"elementor-widget-container\">\n\t\t\t\t\t\t\t\t\t<p>El Masaje Terap\u00e9utico con piedras volc\u00e1nicas, tambi\u00e9n conocido como terapia geotermal, tiene su origen en la medicina oriental y su principal objetivo es movilizar el organismo, potenciando la relajaci\u00f3n muscular. La colocaci\u00f3n de piedras calientes en las zonas indicadas pueden ayudar a reducir el estr\u00e9s, mejorar dolencias, beneficiar a la circulaci\u00f3n, entre muchos otros beneficios. El Masaje con piedras volc\u00e1nicas trabaja nuestros siete centros energ\u00e9ticos o &#8216;chakras&#8217; a trav\u00e9s de los cuales fluye jestra energ\u00eda, consiguiendo fluidez en la vida evitando enfermedades y liberando estr\u00e9s.<\/p><p><br \/>\u00bfCu\u00e1les son los beneficios de un masaje con piedra: calientes?<br \/>El masaje con piedras calientes tiene m\u00faltiples de beneficios, sin embargo, todos ellos se pueden agrupar en tres grandes grupos, la reducci\u00f3n y alivio del dolor, la eliminaci\u00f3n de toxinas de la piel y la mejora del sistema circulatorio.<\/p>\t\t\t\t\t\t\t\t<\/div>\n\t\t\t\t<\/div>\n\t\t\t\t<div class=\"elementor-element elementor-element-477a534 elementor-widget elementor-widget-heading\" data-id=\"477a534\" data-element_type=\"widget\" data-e-type=\"widget\" data-widget_type=\"heading.default\">\n\t\t\t\t<div class=\"elementor-widget-container\">\n\t\t\t\t\t<h2 class=\"elementor-heading-title elementor-size-default\">Maderoterapia<\/h2>\t\t\t\t<\/div>\n\t\t\t\t<\/div>\n\t\t\t\t<div class=\"elementor-element elementor-element-65defb2 elementor-widget elementor-widget-text-editor\" data-id=\"65defb2\" data-element_type=\"widget\" data-e-type=\"widget\" data-widget_type=\"text-editor.default\">\n\t\t\t\t<div class=\"elementor-widget-container\">\n\t\t\t\t\t\t\t\t\t<p>Terapia hol\u00edstica que se realiza con el elemento madera para moldear, reducir adiposidad y tonificar los tejidos. Equilibra la energ\u00eda del cuerpo.<\/p>\t\t\t\t\t\t\t\t<\/div>\n\t\t\t\t<\/div>\n\t\t\t\t\t<\/div>\n\t\t<\/div>\n\t\t\t\t\t<\/div>\n\t\t<\/section>\n\t\t\t\t<section class=\"elementor-section elementor-top-section elementor-element elementor-element-75919d1 elementor-hidden-tablet elementor-hidden-mobile elementor-section-boxed elementor-section-height-default elementor-section-height-default\" data-id=\"75919d1\" data-element_type=\"section\" data-e-type=\"section\">\n\t\t\t\t\t\t<div class=\"elementor-container elementor-column-gap-default\">\n\t\t\t\t\t<div class=\"elementor-column elementor-col-50 elementor-top-column elementor-element elementor-element-60ffe5d\" data-id=\"60ffe5d\" data-element_type=\"column\" data-e-type=\"column\">\n\t\t\t<div class=\"elementor-widget-wrap elementor-element-populated\">\n\t\t\t\t\t\t<div class=\"elementor-element elementor-element-a1e5e05 elementor-absolute elementor-widget elementor-widget-image\" data-id=\"a1e5e05\" data-element_type=\"widget\" data-e-type=\"widget\" data-settings=\"{&quot;_position&quot;:&quot;absolute&quot;}\" data-widget_type=\"image.default\">\n\t\t\t\t<div class=\"elementor-widget-container\">\n\t\t\t\t\t\t\t\t\t\t\t\t\t\t\t<img decoding=\"async\" width=\"800\" height=\"800\" src=\"https:\/\/esteticaisabelmanjon.es\/wp-content\/uploads\/2023\/06\/3-1024x1024.png\" class=\"attachment-large size-large wp-image-334\" alt=\"icono hoja\" srcset=\"https:\/\/esteticaisabelmanjon.es\/wp-content\/uploads\/2023\/06\/3-1024x1024.png 1024w, https:\/\/esteticaisabelmanjon.es\/wp-content\/uploads\/2023\/06\/3-300x300.png 300w, https:\/\/esteticaisabelmanjon.es\/wp-content\/uploads\/2023\/06\/3-150x150.png 150w, https:\/\/esteticaisabelmanjon.es\/wp-content\/uploads\/2023\/06\/3-768x768.png 768w, https:\/\/esteticaisabelmanjon.es\/wp-content\/uploads\/2023\/06\/3-1536x1536.png 1536w, https:\/\/esteticaisabelmanjon.es\/wp-content\/uploads\/2023\/06\/3-2048x2048.png 2048w\" sizes=\"(max-width: 800px) 100vw, 800px\" \/>\t\t\t\t\t\t\t\t\t\t\t\t\t\t\t<\/div>\n\t\t\t\t<\/div>\n\t\t\t\t\t<\/div>\n\t\t<\/div>\n\t\t\t\t<div class=\"elementor-column elementor-col-50 elementor-top-column elementor-element elementor-element-554332a\" data-id=\"554332a\" data-element_type=\"column\" data-e-type=\"column\">\n\t\t\t<div class=\"elementor-widget-wrap elementor-element-populated\">\n\t\t\t\t\t\t<div class=\"elementor-element elementor-element-e6366b4 elementor-absolute elementor-widget elementor-widget-image\" data-id=\"e6366b4\" data-element_type=\"widget\" data-e-type=\"widget\" data-settings=\"{&quot;_position&quot;:&quot;absolute&quot;}\" data-widget_type=\"image.default\">\n\t\t\t\t<div class=\"elementor-widget-container\">\n\t\t\t\t\t\t\t\t\t\t\t\t\t\t\t<img decoding=\"async\" width=\"800\" height=\"800\" src=\"https:\/\/esteticaisabelmanjon.es\/wp-content\/uploads\/2023\/06\/5-1024x1024.png\" class=\"attachment-large size-large wp-image-333\" alt=\"icono hoja\" srcset=\"https:\/\/esteticaisabelmanjon.es\/wp-content\/uploads\/2023\/06\/5-1024x1024.png 1024w, https:\/\/esteticaisabelmanjon.es\/wp-content\/uploads\/2023\/06\/5-300x300.png 300w, https:\/\/esteticaisabelmanjon.es\/wp-content\/uploads\/2023\/06\/5-150x150.png 150w, https:\/\/esteticaisabelmanjon.es\/wp-content\/uploads\/2023\/06\/5-768x768.png 768w, https:\/\/esteticaisabelmanjon.es\/wp-content\/uploads\/2023\/06\/5-1536x1536.png 1536w, https:\/\/esteticaisabelmanjon.es\/wp-content\/uploads\/2023\/06\/5-2048x2048.png 2048w\" sizes=\"(max-width: 800px) 100vw, 800px\" \/>\t\t\t\t\t\t\t\t\t\t\t\t\t\t\t<\/div>\n\t\t\t\t<\/div>\n\t\t\t\t\t<\/div>\n\t\t<\/div>\n\t\t\t\t\t<\/div>\n\t\t<\/section>\n\t\t\t\t<\/div>","protected":false},"excerpt":{"rendered":"<p>Masajes Masajes Bioterapia Corporal Piernas Perfectas Es un sistema que se utiliza para estimular el sistema linf\u00e1tico, del cuerpo y promover lacirculaci\u00f3n y eliminacion de l\u00edquidos. Se utiliza para tratar una variedad de condiciones, como edema (acumulaci\u00f3n de liquido),retenci\u00f3n de agua, celulitis, hinchaz\u00f3n despu\u00e9s de cirug\u00edas o lesiones, trastornos del sistemalinf\u00e1tico y problemas circulatorios. Bioterapia [&hellip;]<\/p>\n","protected":false},"author":1,"featured_media":0,"parent":0,"menu_order":0,"comment_status":"closed","ping_status":"closed","template":"elementor_header_footer","meta":{"footnotes":""},"class_list":["post-290","page","type-page","status-publish","hentry"],"_links":{"self":[{"href":"https:\/\/esteticaisabelmanjon.es\/en\/wp-json\/wp\/v2\/pages\/290"}],"collection":[{"href":"https:\/\/esteticaisabelmanjon.es\/en\/wp-json\/wp\/v2\/pages"}],"about":[{"href":"https:\/\/esteticaisabelmanjon.es\/en\/wp-json\/wp\/v2\/types\/page"}],"author":[{"embeddable":true,"href":"https:\/\/esteticaisabelmanjon.es\/en\/wp-json\/wp\/v2\/users\/1"}],"replies":[{"embeddable":true,"href":"https:\/\/esteticaisabelmanjon.es\/en\/wp-json\/wp\/v2\/comments?post=290"}],"version-history":[{"count":31,"href":"https:\/\/esteticaisabelmanjon.es\/en\/wp-json\/wp\/v2\/pages\/290\/revisions"}],"predecessor-version":[{"id":719,"href":"https:\/\/esteticaisabelmanjon.es\/en\/wp-json\/wp\/v2\/pages\/290\/revisions\/719"}],"wp:attachment":[{"href":"https:\/\/esteticaisabelmanjon.es\/en\/wp-json\/wp\/v2\/media?parent=290"}],"curies":[{"name":"wp","href":"https:\/\/api.w.org\/{rel}","templated":true}]}}