{"id":305,"date":"2023-06-26T09:54:31","date_gmt":"2023-06-26T09:54:31","guid":{"rendered":"https:\/\/quieropaginaweb.com\/isabel\/?page_id=305"},"modified":"2024-03-27T13:41:07","modified_gmt":"2024-03-27T13:41:07","slug":"tratamiento-manos-y-pedicura","status":"publish","type":"page","link":"https:\/\/esteticaisabelmanjon.es\/en\/tratamiento-manos-y-pedicura\/","title":{"rendered":"Tratamientos Manos &#038; Pedicura"},"content":{"rendered":"<div data-elementor-type=\"wp-page\" data-elementor-id=\"305\" class=\"elementor elementor-305\">\n\t\t\t\t\t\t<section class=\"elementor-section elementor-top-section elementor-element elementor-element-ac630ae elementor-section-height-min-height elementor-section-boxed elementor-section-height-default elementor-section-items-middle\" data-id=\"ac630ae\" data-element_type=\"section\" data-e-type=\"section\" data-settings=\"{&quot;background_background&quot;:&quot;classic&quot;}\">\n\t\t\t\t\t\t<div class=\"elementor-container elementor-column-gap-no\">\n\t\t\t\t\t<div class=\"elementor-column elementor-col-100 elementor-top-column elementor-element elementor-element-ab1c35d\" data-id=\"ab1c35d\" data-element_type=\"column\" data-e-type=\"column\" data-settings=\"{&quot;background_background&quot;:&quot;classic&quot;}\">\n\t\t\t<div class=\"elementor-widget-wrap elementor-element-populated\">\n\t\t\t\t\t\t<div class=\"elementor-element elementor-element-f09ca24 elementor-widget elementor-widget-heading\" data-id=\"f09ca24\" data-element_type=\"widget\" data-e-type=\"widget\" data-widget_type=\"heading.default\">\n\t\t\t\t<div class=\"elementor-widget-container\">\n\t\t\t\t\t<h1 class=\"elementor-heading-title elementor-size-default\">Tratamientos Manos &amp; Pedicura en Zaragoza<\/h1>\t\t\t\t<\/div>\n\t\t\t\t<\/div>\n\t\t\t\t\t<\/div>\n\t\t<\/div>\n\t\t\t\t\t<\/div>\n\t\t<\/section>\n\t\t\t\t<section class=\"elementor-section elementor-top-section elementor-element elementor-element-90f2cb7 elementor-section-boxed elementor-section-height-default elementor-section-height-default\" data-id=\"90f2cb7\" data-element_type=\"section\" data-e-type=\"section\">\n\t\t\t\t\t\t<div class=\"elementor-container elementor-column-gap-default\">\n\t\t\t\t\t<div class=\"elementor-column elementor-col-100 elementor-top-column elementor-element elementor-element-5cff34a\" data-id=\"5cff34a\" data-element_type=\"column\" data-e-type=\"column\" data-settings=\"{&quot;background_background&quot;:&quot;classic&quot;}\">\n\t\t\t<div class=\"elementor-widget-wrap elementor-element-populated\">\n\t\t\t\t\t\t<div class=\"elementor-element elementor-element-0e97aa7 elementor-widget elementor-widget-heading\" data-id=\"0e97aa7\" data-element_type=\"widget\" data-e-type=\"widget\" data-widget_type=\"heading.default\">\n\t\t\t\t<div class=\"elementor-widget-container\">\n\t\t\t\t\t<h2 class=\"elementor-heading-title elementor-size-default\">Tratamientos Manos  &amp; Pedicura en Zaragoza<\/h2>\t\t\t\t<\/div>\n\t\t\t\t<\/div>\n\t\t\t\t<div class=\"elementor-element elementor-element-67201bf elementor-widget elementor-widget-text-editor\" data-id=\"67201bf\" data-element_type=\"widget\" data-e-type=\"widget\" data-widget_type=\"text-editor.default\">\n\t\t\t\t<div class=\"elementor-widget-container\">\n\t\t\t\t\t\t\t\t\t<p>Bioterapia de manos manicura, completa con tratamiento y esmaltado.<\/p><p>Bioterapia de pies, pedicura completa con tratamiento y esmaltado.<\/p>\t\t\t\t\t\t\t\t<\/div>\n\t\t\t\t<\/div>\n\t\t\t\t<div class=\"elementor-element elementor-element-303effe elementor-absolute elementor-hidden-tablet elementor-hidden-mobile elementor-widget elementor-widget-image\" data-id=\"303effe\" data-element_type=\"widget\" data-e-type=\"widget\" data-settings=\"{&quot;_position&quot;:&quot;absolute&quot;}\" data-widget_type=\"image.default\">\n\t\t\t\t<div class=\"elementor-widget-container\">\n\t\t\t\t\t\t\t\t\t\t\t\t\t\t\t<img fetchpriority=\"high\" decoding=\"async\" width=\"800\" height=\"538\" src=\"https:\/\/esteticaisabelmanjon.es\/wp-content\/uploads\/2023\/06\/pedicura-2-1024x688.jpg\" class=\"attachment-large size-large wp-image-458\" alt=\"pintando las u\u00f1as del pie\" srcset=\"https:\/\/esteticaisabelmanjon.es\/wp-content\/uploads\/2023\/06\/pedicura-2-1024x688.jpg 1024w, https:\/\/esteticaisabelmanjon.es\/wp-content\/uploads\/2023\/06\/pedicura-2-300x202.jpg 300w, https:\/\/esteticaisabelmanjon.es\/wp-content\/uploads\/2023\/06\/pedicura-2-768x516.jpg 768w, https:\/\/esteticaisabelmanjon.es\/wp-content\/uploads\/2023\/06\/pedicura-2.jpg 1200w\" sizes=\"(max-width: 800px) 100vw, 800px\" \/>\t\t\t\t\t\t\t\t\t\t\t\t\t\t\t<\/div>\n\t\t\t\t<\/div>\n\t\t\t\t\t<\/div>\n\t\t<\/div>\n\t\t\t\t\t<\/div>\n\t\t<\/section>\n\t\t\t\t<section class=\"elementor-section elementor-top-section elementor-element elementor-element-6a5db1c elementor-section-boxed elementor-section-height-default elementor-section-height-default\" data-id=\"6a5db1c\" data-element_type=\"section\" data-e-type=\"section\">\n\t\t\t\t\t\t<div class=\"elementor-container elementor-column-gap-default\">\n\t\t\t\t\t<div class=\"elementor-column elementor-col-100 elementor-top-column elementor-element elementor-element-4ce36ab\" data-id=\"4ce36ab\" data-element_type=\"column\" data-e-type=\"column\">\n\t\t\t<div class=\"elementor-widget-wrap elementor-element-populated\">\n\t\t\t\t\t\t<div class=\"elementor-element elementor-element-6de2187 elementor-widget elementor-widget-text-editor\" data-id=\"6de2187\" data-element_type=\"widget\" data-e-type=\"widget\" data-widget_type=\"text-editor.default\">\n\t\t\t\t<div class=\"elementor-widget-container\">\n\t\t\t\t\t\t\t\t\t<h5><strong>\u00bfPorque deber\u00eda hacerme un tratamiento de pedicura en Zaragoza?<\/strong><\/h5><p>En Zaragoza, los <strong>tratamientos de pedicura<\/strong> son la opci\u00f3n perfecta para consentir y cuidar tus pies de manera excepcional.<\/p><p>En cada sesi\u00f3n de pedicura, experimentar\u00e1s un verdadero oasis de relajaci\u00f3n y bienestar, donde profesionales altamente capacitados se encargar\u00e1n de embellecer y revitalizar tus pies.<\/p><p>Desde la eliminaci\u00f3n de callosidades y durezas hasta el cuidado de las u\u00f1as, cada detalle ser\u00e1 atendido con dedicaci\u00f3n y precisi\u00f3n.<\/p><p>Adem\u00e1s, podr\u00e1s disfrutar de una amplia gama de tratamientos adicionales, como masajes terap\u00e9uticos, exfoliaciones y envolturas, que complementar\u00e1n y potenciar\u00e1n los beneficios de la pedicura.<\/p><p>No importa si buscas un tratamiento b\u00e1sico o uno m\u00e1s completo, en Zaragoza encontrar\u00e1s los mejores profesionales y centros especializados en pedicura que te brindar\u00e1n una experiencia \u00fanica y transformadora.<\/p><p>\u00a1No esperes m\u00e1s y reg\u00e1late el lujo de unos pies radiantes y saludables con los <strong>tratamientos de pedicura en Zaragoza<\/strong>!<\/p>\t\t\t\t\t\t\t\t<\/div>\n\t\t\t\t<\/div>\n\t\t\t\t<div class=\"elementor-element elementor-element-773c424 elementor-widget elementor-widget-text-editor\" data-id=\"773c424\" data-element_type=\"widget\" data-e-type=\"widget\" data-widget_type=\"text-editor.default\">\n\t\t\t\t<div class=\"elementor-widget-container\">\n\t\t\t\t\t\t\t\t\t<p>Te ofrecemos otros servicios como: <br \/><a title=\"tratamientos corporales en Zaragoza\" href=\"https:\/\/esteticaisabelmanjon.es\/en\/tratamientos-corporales\/\">tratamientos corporales en Zaragoza<\/a> &#8211; <a title=\"tratamientos faciales en Zaragoza\" href=\"https:\/\/esteticaisabelmanjon.es\/en\/tratamientos-faciales\/\">tratamientos faciales en Zaragoza<\/a> &#8211; <a title=\"Depilaci\u00f3n cera en Zaragoza\" href=\"https:\/\/esteticaisabelmanjon.es\/en\/depilacion-con-cera\/\">Depilaci\u00f3n con cera en Zaragoza<\/a><\/p>\t\t\t\t\t\t\t\t<\/div>\n\t\t\t\t<\/div>\n\t\t\t\t\t<\/div>\n\t\t<\/div>\n\t\t\t\t\t<\/div>\n\t\t<\/section>\n\t\t\t\t<\/div>","protected":false},"excerpt":{"rendered":"<p>Tratamientos Manos &#038; Pedicura en Zaragoza Tratamientos Manos &#038; Pedicura en Zaragoza Bioterapia de manos manicura, completa con tratamiento y esmaltado. Bioterapia de pies, pedicura completa con tratamiento y esmaltado. \u00bfPorque deber\u00eda hacerme un tratamiento de pedicura en Zaragoza? En Zaragoza, los tratamientos de pedicura son la opci\u00f3n perfecta para consentir y cuidar tus pies [&hellip;]<\/p>\n","protected":false},"author":1,"featured_media":0,"parent":0,"menu_order":0,"comment_status":"closed","ping_status":"closed","template":"elementor_header_footer","meta":{"footnotes":""},"class_list":["post-305","page","type-page","status-publish","hentry"],"_links":{"self":[{"href":"https:\/\/esteticaisabelmanjon.es\/en\/wp-json\/wp\/v2\/pages\/305"}],"collection":[{"href":"https:\/\/esteticaisabelmanjon.es\/en\/wp-json\/wp\/v2\/pages"}],"about":[{"href":"https:\/\/esteticaisabelmanjon.es\/en\/wp-json\/wp\/v2\/types\/page"}],"author":[{"embeddable":true,"href":"https:\/\/esteticaisabelmanjon.es\/en\/wp-json\/wp\/v2\/users\/1"}],"replies":[{"embeddable":true,"href":"https:\/\/esteticaisabelmanjon.es\/en\/wp-json\/wp\/v2\/comments?post=305"}],"version-history":[{"count":23,"href":"https:\/\/esteticaisabelmanjon.es\/en\/wp-json\/wp\/v2\/pages\/305\/revisions"}],"predecessor-version":[{"id":956,"href":"https:\/\/esteticaisabelmanjon.es\/en\/wp-json\/wp\/v2\/pages\/305\/revisions\/956"}],"wp:attachment":[{"href":"https:\/\/esteticaisabelmanjon.es\/en\/wp-json\/wp\/v2\/media?parent=305"}],"curies":[{"name":"wp","href":"https:\/\/api.w.org\/{rel}","templated":true}]}}