{"id":315,"date":"2023-06-26T10:04:25","date_gmt":"2023-06-26T10:04:25","guid":{"rendered":"https:\/\/quieropaginaweb.com\/isabel\/?page_id=315"},"modified":"2024-03-27T13:58:21","modified_gmt":"2024-03-27T13:58:21","slug":"depilacion-con-cera","status":"publish","type":"page","link":"https:\/\/esteticaisabelmanjon.es\/en\/depilacion-con-cera\/","title":{"rendered":"Depilaci\u00f3n con Cera en Zaragoza"},"content":{"rendered":"<div data-elementor-type=\"wp-page\" data-elementor-id=\"315\" class=\"elementor elementor-315\">\n\t\t\t\t\t\t<section class=\"elementor-section elementor-top-section elementor-element elementor-element-ac630ae elementor-section-height-min-height elementor-section-boxed elementor-section-height-default elementor-section-items-middle\" data-id=\"ac630ae\" data-element_type=\"section\" data-e-type=\"section\" data-settings=\"{&quot;background_background&quot;:&quot;classic&quot;}\">\n\t\t\t\t\t\t<div class=\"elementor-container elementor-column-gap-no\">\n\t\t\t\t\t<div class=\"elementor-column elementor-col-100 elementor-top-column elementor-element elementor-element-ab1c35d\" data-id=\"ab1c35d\" data-element_type=\"column\" data-e-type=\"column\" data-settings=\"{&quot;background_background&quot;:&quot;classic&quot;}\">\n\t\t\t<div class=\"elementor-widget-wrap elementor-element-populated\">\n\t\t\t\t\t\t<div class=\"elementor-element elementor-element-f09ca24 elementor-widget elementor-widget-heading\" data-id=\"f09ca24\" data-element_type=\"widget\" data-e-type=\"widget\" data-widget_type=\"heading.default\">\n\t\t\t\t<div class=\"elementor-widget-container\">\n\t\t\t\t\t<h1 class=\"elementor-heading-title elementor-size-default\">Depilaci\u00f3n con cera en Zaragoza<\/h1>\t\t\t\t<\/div>\n\t\t\t\t<\/div>\n\t\t\t\t\t<\/div>\n\t\t<\/div>\n\t\t\t\t\t<\/div>\n\t\t<\/section>\n\t\t\t\t<section class=\"elementor-section elementor-top-section elementor-element elementor-element-90f2cb7 elementor-section-boxed elementor-section-height-default elementor-section-height-default\" data-id=\"90f2cb7\" data-element_type=\"section\" data-e-type=\"section\">\n\t\t\t\t\t\t<div class=\"elementor-container elementor-column-gap-default\">\n\t\t\t\t\t<div class=\"elementor-column elementor-col-100 elementor-top-column elementor-element elementor-element-5cff34a\" data-id=\"5cff34a\" data-element_type=\"column\" data-e-type=\"column\" data-settings=\"{&quot;background_background&quot;:&quot;classic&quot;}\">\n\t\t\t<div class=\"elementor-widget-wrap elementor-element-populated\">\n\t\t\t\t\t\t<div class=\"elementor-element elementor-element-0e97aa7 elementor-widget elementor-widget-heading\" data-id=\"0e97aa7\" data-element_type=\"widget\" data-e-type=\"widget\" data-widget_type=\"heading.default\">\n\t\t\t\t<div class=\"elementor-widget-container\">\n\t\t\t\t\t<h2 class=\"elementor-heading-title elementor-size-default\">Depilaci\u00f3n con cera en Zaragoza<\/h2>\t\t\t\t<\/div>\n\t\t\t\t<\/div>\n\t\t\t\t<div class=\"elementor-element elementor-element-67201bf elementor-widget__width-initial elementor-widget elementor-widget-text-editor\" data-id=\"67201bf\" data-element_type=\"widget\" data-e-type=\"widget\" data-widget_type=\"text-editor.default\">\n\t\t\t\t<div class=\"elementor-widget-container\">\n\t\t\t\t\t\t\t\t\t<p>La <strong>depilaci\u00f3n con cera en Zaragoza<\/strong> es una excelente opci\u00f3n para aquellos que buscan una soluci\u00f3n duradera y efectiva para la eliminaci\u00f3n del vello no deseado.\u00a0<\/p><p>Te ofrecemos nuestro servicio de depilaci\u00f3n con cera de alta calidad, tanto cera tibia y cera caliente, garantizando resultados impecables y una experiencia satisfactoria.\u00a0<\/p><p>La <b>depilaci\u00f3n con cera<\/b> es un m\u00e9todo que ha demostrado ser altamente eficiente, ya que no solo elimina el vello desde la ra\u00edz, sino que tambi\u00e9n retarda su crecimiento, dejando la piel suave y libre de vellos durante un per\u00edodo prolongado. Adem\u00e1s, la <b>depilaci\u00f3n con cera en Zaragoza<\/b> se realiza con productos de primera calidad, lo que garantiza la seguridad y el confort del cliente.\u00a0<\/p><p>No hay duda de que la <b>depilaci\u00f3n con cera en Zaragoza<\/b> es una opci\u00f3n audaz y confiable para lograr una piel suave y sin vello.<\/p><p>\u00a0<\/p>\t\t\t\t\t\t\t\t<\/div>\n\t\t\t\t<\/div>\n\t\t\t\t<div class=\"elementor-element elementor-element-1862988 elementor-widget elementor-widget-text-editor\" data-id=\"1862988\" data-element_type=\"widget\" data-e-type=\"widget\" data-widget_type=\"text-editor.default\">\n\t\t\t\t<div class=\"elementor-widget-container\">\n\t\t\t\t\t\t\t\t\t<p>Te ofrecemos otros servicios como: <br \/><a title=\"tratamientos corporales en Zaragoza\" href=\"https:\/\/esteticaisabelmanjon.es\/en\/tratamientos-corporales\/\">tratamientos corporales en Zaragoza<\/a> &#8211; <a title=\"tratamientos faciales en Zaragoza\" href=\"https:\/\/esteticaisabelmanjon.es\/en\/tratamientos-faciales\/\">tratamientos faciales en Zaragoza<\/a> &#8211; <a title=\"Depilaci\u00f3n cera en Zaragoza\" href=\"https:\/\/esteticaisabelmanjon.es\/en\/depilacion-con-cera\/\">Depilaci\u00f3n con cera en Zaragoza<\/a><\/p>\t\t\t\t\t\t\t\t<\/div>\n\t\t\t\t<\/div>\n\t\t\t\t\t<\/div>\n\t\t<\/div>\n\t\t\t\t\t<\/div>\n\t\t<\/section>\n\t\t\t\t<section class=\"elementor-section elementor-top-section elementor-element elementor-element-2ee3a34 elementor-hidden-tablet elementor-hidden-mobile elementor-section-boxed elementor-section-height-default elementor-section-height-default\" data-id=\"2ee3a34\" data-element_type=\"section\" data-e-type=\"section\">\n\t\t\t\t\t\t<div class=\"elementor-container elementor-column-gap-default\">\n\t\t\t\t\t<div class=\"elementor-column elementor-col-50 elementor-top-column elementor-element elementor-element-55ae793\" data-id=\"55ae793\" data-element_type=\"column\" data-e-type=\"column\">\n\t\t\t<div class=\"elementor-widget-wrap\">\n\t\t\t\t\t\t\t<\/div>\n\t\t<\/div>\n\t\t\t\t<div class=\"elementor-column elementor-col-50 elementor-top-column elementor-element elementor-element-4309d98\" data-id=\"4309d98\" data-element_type=\"column\" data-e-type=\"column\">\n\t\t\t<div class=\"elementor-widget-wrap elementor-element-populated\">\n\t\t\t\t\t\t<div class=\"elementor-element elementor-element-42cd98d elementor-absolute elementor-widget elementor-widget-image\" data-id=\"42cd98d\" data-element_type=\"widget\" data-e-type=\"widget\" data-settings=\"{&quot;_position&quot;:&quot;absolute&quot;}\" data-widget_type=\"image.default\">\n\t\t\t\t<div class=\"elementor-widget-container\">\n\t\t\t\t\t\t\t\t\t\t\t\t\t\t\t<img fetchpriority=\"high\" decoding=\"async\" width=\"800\" height=\"800\" src=\"https:\/\/esteticaisabelmanjon.es\/wp-content\/uploads\/2023\/06\/5-1024x1024.png\" class=\"attachment-large size-large wp-image-333\" alt=\"icono hoja\" srcset=\"https:\/\/esteticaisabelmanjon.es\/wp-content\/uploads\/2023\/06\/5-1024x1024.png 1024w, https:\/\/esteticaisabelmanjon.es\/wp-content\/uploads\/2023\/06\/5-300x300.png 300w, https:\/\/esteticaisabelmanjon.es\/wp-content\/uploads\/2023\/06\/5-150x150.png 150w, https:\/\/esteticaisabelmanjon.es\/wp-content\/uploads\/2023\/06\/5-768x768.png 768w, https:\/\/esteticaisabelmanjon.es\/wp-content\/uploads\/2023\/06\/5-1536x1536.png 1536w, https:\/\/esteticaisabelmanjon.es\/wp-content\/uploads\/2023\/06\/5-2048x2048.png 2048w\" sizes=\"(max-width: 800px) 100vw, 800px\" \/>\t\t\t\t\t\t\t\t\t\t\t\t\t\t\t<\/div>\n\t\t\t\t<\/div>\n\t\t\t\t\t<\/div>\n\t\t<\/div>\n\t\t\t\t\t<\/div>\n\t\t<\/section>\n\t\t\t\t<\/div>","protected":false},"excerpt":{"rendered":"<p>Depilaci\u00f3n con cera en Zaragoza Depilaci\u00f3n con cera en Zaragoza La depilaci\u00f3n con cera en Zaragoza es una excelente opci\u00f3n para aquellos que buscan una soluci\u00f3n duradera y efectiva para la eliminaci\u00f3n del vello no deseado. Te ofrecemos nuestro servicio de depilaci\u00f3n con cera de alta calidad, tanto cera tibia y cera caliente, garantizando resultados [&hellip;]<\/p>\n","protected":false},"author":1,"featured_media":0,"parent":0,"menu_order":0,"comment_status":"closed","ping_status":"closed","template":"elementor_header_footer","meta":{"footnotes":""},"class_list":["post-315","page","type-page","status-publish","hentry"],"_links":{"self":[{"href":"https:\/\/esteticaisabelmanjon.es\/en\/wp-json\/wp\/v2\/pages\/315"}],"collection":[{"href":"https:\/\/esteticaisabelmanjon.es\/en\/wp-json\/wp\/v2\/pages"}],"about":[{"href":"https:\/\/esteticaisabelmanjon.es\/en\/wp-json\/wp\/v2\/types\/page"}],"author":[{"embeddable":true,"href":"https:\/\/esteticaisabelmanjon.es\/en\/wp-json\/wp\/v2\/users\/1"}],"replies":[{"embeddable":true,"href":"https:\/\/esteticaisabelmanjon.es\/en\/wp-json\/wp\/v2\/comments?post=315"}],"version-history":[{"count":36,"href":"https:\/\/esteticaisabelmanjon.es\/en\/wp-json\/wp\/v2\/pages\/315\/revisions"}],"predecessor-version":[{"id":973,"href":"https:\/\/esteticaisabelmanjon.es\/en\/wp-json\/wp\/v2\/pages\/315\/revisions\/973"}],"wp:attachment":[{"href":"https:\/\/esteticaisabelmanjon.es\/en\/wp-json\/wp\/v2\/media?parent=315"}],"curies":[{"name":"wp","href":"https:\/\/api.w.org\/{rel}","templated":true}]}}