{"id":511,"date":"2023-07-04T10:59:36","date_gmt":"2023-07-04T10:59:36","guid":{"rendered":"https:\/\/esteticaisabelmanjon.es\/?page_id=511"},"modified":"2023-07-25T21:19:08","modified_gmt":"2023-07-25T21:19:08","slug":"aviso-legal","status":"publish","type":"page","link":"https:\/\/esteticaisabelmanjon.es\/en\/aviso-legal\/","title":{"rendered":"Aviso Legal"},"content":{"rendered":"<div data-elementor-type=\"wp-page\" data-elementor-id=\"511\" class=\"elementor elementor-511\">\n\t\t\t\t\t\t<section class=\"elementor-section elementor-top-section elementor-element elementor-element-12ec5f5 elementor-section-boxed elementor-section-height-default elementor-section-height-default\" data-id=\"12ec5f5\" data-element_type=\"section\" data-e-type=\"section\">\n\t\t\t\t\t\t<div class=\"elementor-container elementor-column-gap-default\">\n\t\t\t\t\t<div class=\"elementor-column elementor-col-100 elementor-top-column elementor-element elementor-element-ec04200\" data-id=\"ec04200\" data-element_type=\"column\" data-e-type=\"column\">\n\t\t\t<div class=\"elementor-widget-wrap elementor-element-populated\">\n\t\t\t\t\t\t<div class=\"elementor-element elementor-element-b85df25 elementor-widget elementor-widget-text-editor\" data-id=\"b85df25\" data-element_type=\"widget\" data-e-type=\"widget\" data-widget_type=\"text-editor.default\">\n\t\t\t\t<div class=\"elementor-widget-container\">\n\t\t\t\t\t\t\t\t\t<div data-elementor-type=\"wp-page\" data-elementor-id=\"2213\"><div><div><section data-id=\"f252457\" data-element_type=\"section\"><div><div><div data-id=\"a9aa8f4\" data-element_type=\"column\"><div><div><div data-id=\"0090bcf\" data-element_type=\"widget\" data-widget_type=\"text-editor.default\"><div><div><p><strong>LEY DE LOS SERVICIOS DE LA SOCIEDAD DE LA INFORMACI\u00d3N (LSSI)<\/strong><\/p><p><strong>\u00a0<\/strong><\/p><p>Isabel Manjon Seron, responsable del sitio web, en adelante RESPONSABLE, pone a disposici\u00f3n de los usuarios el presente documento, con el que pretende dar cumplimiento a las obligaciones dispuestas en la Ley 34\/2002, de 11 de julio, de Servicios de la Sociedad de la Informaci\u00f3n y de Comercio Electr\u00f3nico (LSSICE), BOE N \u00ba 166, as\u00ed como informar a todos los usuarios del sitio web respecto a cu\u00e1les son las condiciones de uso.<\/p><p>Toda persona que acceda a este sitio web asume el papel de usuario, comprometi\u00e9ndose a la observancia y cumplimiento riguroso de las disposiciones aqu\u00ed dispuestas, as\u00ed como a cualquier otra disposici\u00f3n legal que fuera de aplicaci\u00f3n.<\/p><p>Isabel Manjon Seron. se reserva el derecho de modificar cualquier tipo de informaci\u00f3n que pudiera aparecer en el sitio web, sin que exista obligaci\u00f3n de preavisar o poner en conocimiento de los usuarios dichas obligaciones, entendi\u00e9ndose como suficiente con la publicaci\u00f3n en el sitio web de Isabel Manjon Seron<\/p><\/div><div><ol><li><strong>DATOS IDENTIFICATIVOS<\/strong><\/li><\/ol><div>\u00a0<\/div><p>Nombre de dominio: esteticaisabelmanjon.es<br \/>Nombre comercial: Isabel Manjon Seron<br \/>Denominaci\u00f3n social: Isabel Manjon Seron<br \/>NIF: 25153651T<br \/>Domicilio social: Paseo Cuellar 41 50007 Zaragoza<br \/>Tel\u00e9fono: 976 255 565 \/ 685 43 22 00<br \/>e-mail: hola@esteticaisabelmanjon.es<\/p><p>\u00a0<\/p><ol start=\"2\"><li><strong> DERECHOS DE PROPIEDAD INTELECTUAL E INDUSTRIAL<\/strong><\/li><\/ol><div>\u00a0<\/div><p>El sitio web, incluyendo a t\u00edtulo enunciativo pero no limitativo su programaci\u00f3n, edici\u00f3n, compilaci\u00f3n y dem\u00e1s elementos necesarios para su funcionamiento, los dise\u00f1os, logotipos, texto y\/o gr\u00e1ficos, son propiedad del RESPONSABLE o, si es el caso, dispone de licencia o autorizaci\u00f3n expresa por parte de los autores. Todos los contenidos del sitio web se encuentran debidamente protegidos por la normativa de propiedad intelectual e industrial, as\u00ed como inscritos en los registros p\u00fablicos correspondientes.<\/p><p>Independientemente de la finalidad para la que fueran destinados, la reproducci\u00f3n total o parcial, uso, explotaci\u00f3n, distribuci\u00f3n y comercializaci\u00f3n, requiere en todo caso de la autorizaci\u00f3n escrita previa por parte del RESPONSABLE. Cualquier uso no autorizado previamente se considera un incumplimiento grave de los derechos de propiedad intelectual o industrial del autor.<\/p><p>Los dise\u00f1os, logotipos, texto y\/o gr\u00e1ficos ajenos al RESPONSABLE y que pudieran aparecer en el sitio web, pertenecen a sus respectivos propietarios, siendo ellos mismos responsables de cualquier posible controversia que pudiera suscitarse respecto a los mismos. El RESPONSABLE autoriza expresamente a que terceros puedan redirigir directamente a los contenidos concretos del sitio web, y en todo caso redirigir al sitio web principal de\u00a0esteticaisabelmanjon.es<\/p><p>El RESPONSABLE reconoce a favor de sus titulares los correspondientes derechos de propiedad intelectual e industrial, no implicando su sola menci\u00f3n o aparici\u00f3n en el sitio web la existencia de derechos o responsabilidad alguna sobre los mismos, como tampoco respaldo, patrocinio o recomendaci\u00f3n por parte del mismo.<\/p><p>Para realizar cualquier tipo de observaci\u00f3n respecto a posibles incumplimientos de los derechos de propiedad intelectual o industrial, as\u00ed como sobre cualquiera de los contenidos del sitio web, puede hacerlo a trav\u00e9s del correo electr\u00f3nico info@webio.es<\/p><ol start=\"3\"><li><strong> EXENCI\u00d3N DE RESPONSABILIDADES<\/strong><\/li><\/ol><p>El RESPONSABLE se exime de cualquier tipo de responsabilidad derivada de la informaci\u00f3n publicada en su sitio web siempre que esta informaci\u00f3n haya sido manipulada o introducida por un tercero ajeno al mismo.<\/p><p><strong>Pol\u00edtica de enlaces<\/strong><\/p><p>Desde el sitio web, es posible que se redirija a contenidos de terceros sitios web. Dado que el RESPONSABLE no puede controlar siempre los contenidos introducidos por los terceros en sus respectivos sitios web, no asume ning\u00fan tipo de responsabilidad respecto a dichos contenidos. En todo caso, proceder\u00e1 a la retirada inmediata de cualquier contenido que pudiera contravenir la legislaci\u00f3n nacional o internacional, la moral o el orden p\u00fablico, procediendo a la retirada inmediata de la redirecci\u00f3n a dicho sitio web, poniendo en conocimiento de las autoridades competentes el contenido en cuesti\u00f3n.<\/p><p>El RESPONSABLE no se hace responsable de la informaci\u00f3n y contenidos almacenados, a t\u00edtulo enunciativo pero no limitativo, en foros, chats, generadores de blogs, comentarios, redes sociales o cualquier otro medio que permita a terceros publicar contenidos de forma independiente en la p\u00e1gina web del RESPONSABLE. Sin embargo, y en cumplimiento de lo dispuesto en los art\u00edculos 11 y 16 de la LSSICE, se pone a disposici\u00f3n de todos los usuarios, autoridades y fuerzas de seguridad, colaborando de forma activa en la retirada o, en su caso, bloqueo de todos aquellos contenidos que puedan afectar o contravenir la legislaci\u00f3n nacional o internacional, los derechos de terceros o la moral y el orden p\u00fablico. En caso de que el usuario considere que existe en el sitio web alg\u00fan contenido que pudiera ser susceptible de esta clasificaci\u00f3n, se ruega lo notifique de forma inmediata al administrador del sitio web.<\/p><p>Este sitio web ha sido revisado y probado para que funcione correctamente. En principio, puede garantizarse el correcto funcionamiento los 365 d\u00edas del a\u00f1o, 24 horas al d\u00eda. Sin embargo, el RESPONSABLE no descarta la posibilidad de que existan ciertos errores de programaci\u00f3n, o que acontezcan causas de fuerza mayor, cat\u00e1strofes naturales, huelgas o circunstancias semejantes que hagan imposible el acceso a la p\u00e1gina web.<\/p><p><strong>Direcciones IP<\/strong><\/p><p><strong>\u00a0<\/strong><\/p><p>Los servidores del sitio web podr\u00e1n detectar de manera autom\u00e1tica la direcci\u00f3n IP y el nombre de dominio utilizados por el usuario. Una direcci\u00f3n IP es un n\u00famero asignado autom\u00e1ticamente a un ordenador cuando \u00e9ste se conecta a Internet. Toda esta informaci\u00f3n es registrada en un fichero de actividad del servidor debidamente inscrito que permite el posterior procesamiento de los datos con el fin de obtener mediciones \u00fanicamente estad\u00edsticas que permitan conocer el n\u00famero de impresiones de p\u00e1ginas, el n\u00famero de visitas realizadas a los servidores web, el orden de visitas, el punto de acceso, etc.<\/p><ol start=\"4\"><li><strong> LEY APLICABLE Y JURISDICCI\u00d3N<\/strong><\/li><\/ol><p>Para la resoluci\u00f3n de todas las controversias o cuestiones relacionadas con el presente sitio web o de las actividades en \u00e9l desarrolladas, ser\u00e1 de aplicaci\u00f3n la legislaci\u00f3n espa\u00f1ola, a la que se someten expresamente las partes, siendo competentes para la resoluci\u00f3n de todos los conflictos derivados o relacionados con su uso los Juzgados y Tribunales del domicilio de los usuarios afectados.<\/p><\/div><\/div><\/div><\/div><\/div><\/div><\/div><\/div><\/section><\/div><\/div><\/div>\t\t\t\t\t\t\t\t<\/div>\n\t\t\t\t<\/div>\n\t\t\t\t\t<\/div>\n\t\t<\/div>\n\t\t\t\t\t<\/div>\n\t\t<\/section>\n\t\t\t\t<\/div>","protected":false},"excerpt":{"rendered":"<p>LEY DE LOS SERVICIOS DE LA SOCIEDAD DE LA INFORMACI\u00d3N (LSSI) \u00a0 Isabel Manjon Seron, responsable del sitio web, en adelante RESPONSABLE, pone a disposici\u00f3n de los usuarios el presente documento, con el que pretende dar cumplimiento a las obligaciones dispuestas en la Ley 34\/2002, de 11 de julio, de Servicios de la Sociedad de [&hellip;]<\/p>\n","protected":false},"author":1,"featured_media":0,"parent":0,"menu_order":0,"comment_status":"closed","ping_status":"closed","template":"","meta":{"footnotes":""},"class_list":["post-511","page","type-page","status-publish","hentry"],"_links":{"self":[{"href":"https:\/\/esteticaisabelmanjon.es\/en\/wp-json\/wp\/v2\/pages\/511"}],"collection":[{"href":"https:\/\/esteticaisabelmanjon.es\/en\/wp-json\/wp\/v2\/pages"}],"about":[{"href":"https:\/\/esteticaisabelmanjon.es\/en\/wp-json\/wp\/v2\/types\/page"}],"author":[{"embeddable":true,"href":"https:\/\/esteticaisabelmanjon.es\/en\/wp-json\/wp\/v2\/users\/1"}],"replies":[{"embeddable":true,"href":"https:\/\/esteticaisabelmanjon.es\/en\/wp-json\/wp\/v2\/comments?post=511"}],"version-history":[{"count":28,"href":"https:\/\/esteticaisabelmanjon.es\/en\/wp-json\/wp\/v2\/pages\/511\/revisions"}],"predecessor-version":[{"id":794,"href":"https:\/\/esteticaisabelmanjon.es\/en\/wp-json\/wp\/v2\/pages\/511\/revisions\/794"}],"wp:attachment":[{"href":"https:\/\/esteticaisabelmanjon.es\/en\/wp-json\/wp\/v2\/media?parent=511"}],"curies":[{"name":"wp","href":"https:\/\/api.w.org\/{rel}","templated":true}]}}